{"id":4243,"date":"2026-03-04T10:47:48","date_gmt":"2026-03-04T09:47:48","guid":{"rendered":"https:\/\/escolaiboix.com\/escuela\/admisiones-pag\/"},"modified":"2026-03-26T18:11:59","modified_gmt":"2026-03-26T17:11:59","slug":"admisiones-pag","status":"publish","type":"page","link":"https:\/\/escolaiboix.com\/es\/escuela\/admisiones-pag\/","title":{"rendered":"Admisiones PAG"},"content":{"rendered":"<section class=\"l-section wpb_row height_huge color_alternate with_img\" id=\"innHd\"><div class=\"l-section-img\" role=\"img\" aria-label=\"Admisiones IBOIX Escola\" data-img-width=\"1920\" data-img-height=\"750\" style=\"background-image: url(https:\/\/escolaiboix.com\/wp-content\/uploads\/2026\/02\/admissions-hd.jpg);\"><\/div><div class=\"l-section-overlay\" style=\"background:#929292\"><\/div><div class=\"l-section-h i-cf\"><div class=\"g-cols vc_row via_grid cols_1 laptops-cols_inherit tablets-cols_inherit mobiles-cols_1 valign_top type_default stacking_default\"><div class=\"wpb_column vc_column_container\"><div class=\"vc_column-inner\"><div class=\"wpb_text_column\"><div class=\"wpb_wrapper\"><h1 style=\"text-align: center;\">ADMISIONES PAG<\/h1>\n<\/div><\/div><div class=\"wpb_text_column us_custom_f70d789f us_animate_this\"><div class=\"wpb_wrapper\"><p style=\"text-align: center;\">Inscr\u00edbete al Programa de Acceso al Grado y asegura tu futuro<\/p>\n<\/div><\/div><\/div><\/div><\/div><\/div><\/section><section class=\"l-section wpb_row Dbl height_large\" id=\"Adms\"><div class=\"l-section-h i-cf\"><div class=\"g-cols vc_row via_grid cols_2 laptops-cols_inherit tablets-cols_inherit mobiles-cols_1 valign_top type_default stacking_default\"><div class=\"wpb_column vc_column_container nfCl\"><div class=\"vc_column-inner\"><div class=\"wpb_text_column\"><div class=\"wpb_wrapper\"><h3>Matriculaci\u00f3n al programa de Acceso al Grado<\/h3>\n<\/div><\/div><div class=\"w-tabs Acr style_default switch_click accordion has_scrolling\"><div class=\"w-tabs-sections titles-align_none icon_triangle cpos_right\"><div class=\"w-tabs-section\" id=\"eaec\"><button class=\"w-tabs-section-header\" aria-controls=\"content-eaec\" aria-expanded=\"false\"><h6 class=\"w-tabs-section-title\">Haz la reserva de plaza<\/h6><div class=\"w-tabs-section-control\"><\/div><\/button><div  class=\"w-tabs-section-content\" id=\"content-eaec\"><div class=\"w-tabs-section-content-h i-cf\"><div class=\"wpb_text_column\"><div class=\"wpb_wrapper\"><p>Se trata de un primer pago v\u00eda web de 250 \u20ac que se descontar\u00e1n del importe total de la matr\u00edcula y te reserva la plaza autom\u00e1ticamente.<\/p>\n<\/div><\/div><\/div><\/div><\/div><div class=\"w-tabs-section\" id=\"jd6f\"><button class=\"w-tabs-section-header\" aria-controls=\"content-jd6f\" aria-expanded=\"false\"><h6 class=\"w-tabs-section-title\">Formaliza la matr\u00edcula<\/h6><div class=\"w-tabs-section-control\"><\/div><\/button><div  class=\"w-tabs-section-content\" id=\"content-jd6f\"><div class=\"w-tabs-section-content-h i-cf\"><div class=\"wpb_text_column\"><div class=\"wpb_wrapper\"><p>Una vez confirmado el pago contactaremos contigo para completar la documentaci\u00f3n y tendr\u00e1s 30 d\u00edas para realizar el pago del resto de la matr\u00edcula. Si no lo haces, se cancelar\u00e1 tu reserva de plaza y no se devolver\u00e1n los 250 \u20ac.<\/p>\n<\/div><\/div><\/div><\/div><\/div><\/div><\/div><\/div><\/div><div class=\"wpb_column vc_column_container nfCl\" id=\"InsCl\"><div class=\"vc_column-inner\"><div class=\"wpb_text_column\"><div class=\"wpb_wrapper\"><h5>INSCRIPCI\u00d3N<\/h5>\n<\/div><\/div><div class=\"w-btn-wrapper align_none\"><a class=\"w-btn us-btn-style_1 us_custom_4f24afa8\" href=\"https:\/\/escolaiboix.com\/es\/carrito\/?add-to-cart=3938\"><span class=\"w-btn-label\">Inscripci\u00f3n<\/span><\/a><\/div><div class=\"w-tabs Rdmr style_default switch_click accordion\"><div class=\"w-tabs-sections titles-align_none icon_none\"><div class=\"w-tabs-section no_indents\" id=\"sf62\"><button class=\"w-tabs-section-header with_icon\" aria-controls=\"content-sf62\" aria-expanded=\"false\"><h6 class=\"w-tabs-section-title\">\u00bfTienes dudas?<\/h6><i class=\"fas fa-stream\"><\/i><div class=\"w-tabs-section-control\"><\/div><\/button><div  class=\"w-tabs-section-content us_custom_71d3e3d1\" id=\"content-sf62\"><div class=\"w-tabs-section-content-h i-cf\"><div class=\"wpb_text_column\"><div class=\"wpb_wrapper\"><p>Te asignamos un tutor para que te oriente sobre qu\u00e9 estudios de IBOIX se pueden ajustar m\u00e1s a tu perfil y a tus necesidades.<\/p>\n<p>Danos tu correo y elige qu\u00e9 canal prefieres para hablar con tu tutor.<\/p>\n<\/div><\/div><\/div><\/div><\/div><div class=\"w-tabs-section no_indents\" id=\"g1a4\"><button class=\"w-tabs-section-header with_icon\" aria-controls=\"content-g1a4\" aria-expanded=\"false\"><h6 class=\"w-tabs-section-title\">\u00bfNo hay plazas disponibles? Ap\u00fantate a la lista de espera<\/h6><i class=\"fas fa-stream\"><\/i><div class=\"w-tabs-section-control\"><\/div><\/button><div  class=\"w-tabs-section-content\" id=\"content-g1a4\"><div class=\"w-tabs-section-content-h i-cf\"><div class=\"wpb_text_column\"><div class=\"wpb_wrapper\"><p>Si el curso que te interesa est\u00e1 lleno, puedes pagar los 250 \u20ac y apuntarte a la lista de espera. Si alg\u00fan estudiante no completa su matr\u00edcula o la cancela, te avisaremos enseguida para que completes el proceso.<\/p>\n<p>Si antes del 30 de mayo no hemos podido ofrecerte ninguna plaza, te devolveremos \u00edntegramente los 250 \u20ac abonados.<\/p>\n<p>La lista de espera se establece por orden de solicitud.<\/p>\n<\/div><\/div><\/div><\/div><\/div><\/div><\/div><\/div><\/div><\/div><\/div><\/section><section class=\"l-section wpb_row Frm height_medium color_alternate with_img\" id=\"Prllx\"><div class=\"l-section-img\" role=\"img\" aria-label=\"Admisiones IBOIX Escola\" data-img-width=\"1920\" data-img-height=\"1342\" style=\"background-image: url(https:\/\/escolaiboix.com\/wp-content\/uploads\/2026\/01\/Admissions-bg.jpg);\"><\/div><div class=\"l-section-h i-cf\"><div class=\"g-cols vc_row via_grid cols_1 laptops-cols_inherit tablets-cols_inherit mobiles-cols_1 valign_top type_default stacking_default\"><div class=\"wpb_column vc_column_container\"><div class=\"vc_column-inner\"><div class=\"w-hwrapper us_custom_8d5aa4e2 valign_middle align_left\" style=\"--hwrapper-gap:1rem\"><div class=\"w-image align_left\"><div class=\"w-image-h\"><img decoding=\"async\" src=\"https:\/\/escolaiboix.com\/wp-content\/uploads\/2026\/01\/Logoiboix-escola.svg\" class=\"attachment-full size-full\" alt=\"IBOIX escola\" loading=\"lazy\" \/><\/div><\/div><div class=\"w-vwrapper align_left valign_top\" style=\"--vwrapper-gap:5px\"><div class=\"wpb_text_column us_custom_064d3121\"><div class=\"wpb_wrapper\"><h5>CONTACTO<\/h5>\n<\/div><\/div><\/div><\/div>\n<div class=\"wpcf7 no-js\" id=\"wpcf7-f2773-o1\" lang=\"es-ES\" dir=\"ltr\" data-wpcf7-id=\"2773\">\n<div class=\"screen-reader-response\"><p role=\"status\" aria-live=\"polite\" aria-atomic=\"true\"><\/p> <ul><\/ul><\/div>\n<form action=\"\/es\/wp-json\/wp\/v2\/pages\/4243#wpcf7-f2773-o1\" method=\"post\" class=\"wpcf7-form init\" aria-label=\"Formulario de contacto\" novalidate=\"novalidate\" data-status=\"init\">\n<fieldset class=\"hidden-fields-container\"><input type=\"hidden\" name=\"_wpcf7\" value=\"2773\" \/><input type=\"hidden\" name=\"_wpcf7_version\" value=\"6.1.5\" \/><input type=\"hidden\" name=\"_wpcf7_locale\" value=\"es_ES\" \/><input type=\"hidden\" name=\"_wpcf7_unit_tag\" value=\"wpcf7-f2773-o1\" \/><input type=\"hidden\" name=\"_wpcf7_container_post\" value=\"0\" \/><input type=\"hidden\" name=\"_wpcf7_posted_data_hash\" value=\"\" \/>\n<\/fieldset>\n<div class=\"wpcf7-turnstile cf-turnstile\" data-sitekey=\"0x4AAAAAACBvqEpAYeOzeVJh\" data-response-field-name=\"_wpcf7_turnstile_response\"><\/div>\n\n<div class=\"hlf\">\n\t<p><span class=\"wpcf7-form-control-wrap\" data-name=\"your-name\"><input size=\"40\" maxlength=\"400\" class=\"wpcf7-form-control wpcf7-text wpcf7-validates-as-required\" aria-required=\"true\" aria-invalid=\"false\" placeholder=\"Nombre y apellidos*\" value=\"\" type=\"text\" name=\"your-name\" \/><\/span><span class=\"wpcf7-form-control-wrap\" data-name=\"your-email\"><input size=\"40\" maxlength=\"400\" class=\"wpcf7-form-control wpcf7-email wpcf7-validates-as-required wpcf7-text wpcf7-validates-as-email\" aria-required=\"true\" aria-invalid=\"false\" placeholder=\"Email*\" value=\"\" type=\"email\" name=\"your-email\" \/><\/span>\n\t<\/p>\n<\/div>\n<div class=\"hlf\">\n\t<p><span class=\"wpcf7-form-control-wrap\" data-name=\"your-phone\"><input size=\"40\" maxlength=\"400\" class=\"wpcf7-form-control wpcf7-tel wpcf7-validates-as-required wpcf7-text wpcf7-validates-as-tel\" aria-required=\"true\" aria-invalid=\"false\" placeholder=\"Tel\u00e9fono*\" value=\"\" type=\"tel\" name=\"your-phone\" \/><\/span><span class=\"wpcf7-form-control-wrap\" data-name=\"select-acom\"><select class=\"wpcf7-form-control wpcf7-select wpcf7-validates-as-required\" aria-required=\"true\" aria-invalid=\"false\" name=\"select-acom\"><option value=\"\">Curso de inter\u00e9s<\/option><option value=\"Grado de Ilustraci\u00f3n Profesional\">Grado de Ilustraci\u00f3n Profesional<\/option><option value=\"M\u00e1ster en Arte para Animaci\u00f3n y Videojuegos\">M\u00e1ster en Arte para Animaci\u00f3n y Videojuegos<\/option><option value=\"M\u00e1ster en Ilustraci\u00f3n profesional\">M\u00e1ster en Ilustraci\u00f3n profesional<\/option><option value=\"Curso de Ilustraci\u00f3n Digital\">Curso de Ilustraci\u00f3n Digital<\/option><option value=\"Curso de arte tradicional\">Curso de arte tradicional<\/option><option value=\"Cursos de verano\">Cursos de verano<\/option><option value=\"Extraescolar de dibujo digital\">Extraescolar de dibujo digital<\/option><option value=\"Otros\">Otros<\/option><\/select><\/span>\n\t<\/p>\n<\/div>\n<div class=\"one\">\n\t<p><span class=\"wpcf7-form-control-wrap\" data-name=\"your-textarea\"><textarea cols=\"40\" rows=\"10\" maxlength=\"2000\" class=\"wpcf7-form-control wpcf7-textarea\" aria-invalid=\"false\" placeholder=\"Comentarios\" name=\"your-textarea\"><\/textarea><\/span>\n\t<\/p>\n<\/div>\n<div class=\"legal_sb\">\n\t<div class=\"legal\">\n\t\t<p><span class=\"wpcf7-form-control-wrap\" data-name=\"acceptance-645\"><span class=\"wpcf7-form-control wpcf7-acceptance optional\"><span class=\"wpcf7-list-item\"><input type=\"checkbox\" name=\"acceptance-645\" value=\"1\" aria-invalid=\"false\" \/><\/span><\/span><\/span>\n\t\t<\/p>\n\t\t<p>*He le\u00eddo y acepto <a href=\"https:\/\/escolaiboix.com\/politica-de-privacitat\/\" target=\"blank\">la pol\u00edtica de privacidad<\/a> y el tratamiento de mis datos personales para gestionar mi solicitud y recibir comunicaciones informativas de IBOIX Escola\n\t\t<\/p>\n\t<\/div>\n\t<div class=\"send\">\n\t\t<p><input class=\"wpcf7-form-control wpcf7-submit has-spinner\" type=\"submit\" value=\"Enviar\" \/>\n\t\t<\/p>\n\t<\/div>\n<\/div>\n<p style=\"margin:0; padding:0; line-height: 0; Height:0;\"><span id=\"wpcf7-69d29e30005fd-wrapper\" class=\"wpcf7-form-control-wrap honeypot-781-wrap\" style=\"display:none !important; visibility:hidden !important;\"><label for=\"hddn-form\" class=\"hp-message\">Por favor, deja este campo vac\u00edo.<\/label><input id=\"hddn-form\"  class=\"wpcf7-form-control wpcf7-text\" type=\"text\" name=\"honeypot-781\" value=\"\" size=\"40\" tabindex=\"-1\" autocomplete=\"new-password\" \/><\/span>\n<\/p><div class=\"wpcf7-response-output\" aria-hidden=\"true\"><\/div>\n<\/form>\n<\/div>\n\n<\/div><\/div><\/div><\/div><\/section>\n","protected":false},"excerpt":{"rendered":"ADMISIONES PAG Inscr\u00edbete al Programa de Acceso al Grado y asegura tu futuro Matriculaci\u00f3n al programa de Acceso al Grado Haz la reserva de plazaSe trata de un primer pago v\u00eda web de 250 \u20ac que se descontar\u00e1n del importe total de la matr\u00edcula y te reserva la plaza autom\u00e1ticamente. Formaliza la matr\u00edculaUna vez confirmado...","protected":false},"author":1,"featured_media":0,"parent":2203,"menu_order":0,"comment_status":"closed","ping_status":"closed","template":"","meta":{"footnotes":"","_links_to":"","_links_to_target":""},"class_list":["post-4243","page","type-page","status-publish","hentry"],"yoast_head":"<!-- This site is optimized with the Yoast SEO plugin v27.2 - https:\/\/yoast.com\/product\/yoast-seo-wordpress\/ -->\n<title>Admisiones grado online en Ilustraci\u00f3n Profesional - IBOIX<\/title>\n<meta name=\"description\" content=\"Un grado dise\u00f1ado por artistas con ambici\u00f3n: aprendizaje pr\u00e1ctico, profesorado en activo y enfoque total al mundo profesional.\" \/>\n<meta name=\"robots\" content=\"index, follow, max-snippet:-1, max-image-preview:large, max-video-preview:-1\" \/>\n<link rel=\"canonical\" href=\"https:\/\/escolaiboix.com\/es\/escuela\/admisiones-pag\/\" \/>\n<meta property=\"og:locale\" content=\"es_ES\" \/>\n<meta property=\"og:type\" content=\"article\" \/>\n<meta property=\"og:title\" content=\"Admisiones grado online en Ilustraci\u00f3n Profesional - IBOIX\" \/>\n<meta property=\"og:description\" content=\"Un grado dise\u00f1ado por artistas con ambici\u00f3n: aprendizaje pr\u00e1ctico, profesorado en activo y enfoque total al mundo profesional.\" \/>\n<meta property=\"og:url\" content=\"https:\/\/escolaiboix.com\/es\/escuela\/admisiones-pag\/\" \/>\n<meta property=\"og:site_name\" content=\"IBOIX\" \/>\n<meta property=\"article:modified_time\" content=\"2026-03-26T17:11:59+00:00\" \/>\n<meta name=\"twitter:card\" content=\"summary_large_image\" \/>\n<meta name=\"twitter:label1\" content=\"Tiempo de lectura\" \/>\n\t<meta name=\"twitter:data1\" content=\"2 minutos\" \/>\n<script type=\"application\/ld+json\" class=\"yoast-schema-graph\">{\"@context\":\"https:\/\/schema.org\",\"@graph\":[{\"@type\":\"WebPage\",\"@id\":\"https:\/\/escolaiboix.com\/es\/escuela\/admisiones-pag\/\",\"url\":\"https:\/\/escolaiboix.com\/es\/escuela\/admisiones-pag\/\",\"name\":\"Admisiones grado online en Ilustraci\u00f3n Profesional - IBOIX\",\"isPartOf\":{\"@id\":\"https:\/\/escolaiboix.com\/#website\"},\"datePublished\":\"2026-03-04T09:47:48+00:00\",\"dateModified\":\"2026-03-26T17:11:59+00:00\",\"description\":\"Un grado dise\u00f1ado por artistas con ambici\u00f3n: aprendizaje pr\u00e1ctico, profesorado en activo y enfoque total al mundo profesional.\",\"breadcrumb\":{\"@id\":\"https:\/\/escolaiboix.com\/es\/escuela\/admisiones-pag\/#breadcrumb\"},\"inLanguage\":\"es\",\"potentialAction\":[{\"@type\":\"ReadAction\",\"target\":[\"https:\/\/escolaiboix.com\/es\/escuela\/admisiones-pag\/\"]}]},{\"@type\":\"BreadcrumbList\",\"@id\":\"https:\/\/escolaiboix.com\/es\/escuela\/admisiones-pag\/#breadcrumb\",\"itemListElement\":[{\"@type\":\"ListItem\",\"position\":1,\"name\":\"Inici\",\"item\":\"https:\/\/escolaiboix.com\/es\/\"},{\"@type\":\"ListItem\",\"position\":2,\"name\":\"Escuela\",\"item\":\"https:\/\/escolaiboix.com\/es\/escuela\/\"},{\"@type\":\"ListItem\",\"position\":3,\"name\":\"Admisiones PAG\"}]},{\"@type\":\"WebSite\",\"@id\":\"https:\/\/escolaiboix.com\/#website\",\"url\":\"https:\/\/escolaiboix.com\/\",\"name\":\"IBOIX\",\"description\":\"Dibuixa!\",\"potentialAction\":[{\"@type\":\"SearchAction\",\"target\":{\"@type\":\"EntryPoint\",\"urlTemplate\":\"https:\/\/escolaiboix.com\/?s={search_term_string}\"},\"query-input\":{\"@type\":\"PropertyValueSpecification\",\"valueRequired\":true,\"valueName\":\"search_term_string\"}}],\"inLanguage\":\"es\"}]}<\/script>\n<!-- \/ Yoast SEO plugin. -->","yoast_head_json":{"title":"Admisiones grado online en Ilustraci\u00f3n Profesional - IBOIX","description":"Un grado dise\u00f1ado por artistas con ambici\u00f3n: aprendizaje pr\u00e1ctico, profesorado en activo y enfoque total al mundo profesional.","robots":{"index":"index","follow":"follow","max-snippet":"max-snippet:-1","max-image-preview":"max-image-preview:large","max-video-preview":"max-video-preview:-1"},"canonical":"https:\/\/escolaiboix.com\/es\/escuela\/admisiones-pag\/","og_locale":"es_ES","og_type":"article","og_title":"Admisiones grado online en Ilustraci\u00f3n Profesional - IBOIX","og_description":"Un grado dise\u00f1ado por artistas con ambici\u00f3n: aprendizaje pr\u00e1ctico, profesorado en activo y enfoque total al mundo profesional.","og_url":"https:\/\/escolaiboix.com\/es\/escuela\/admisiones-pag\/","og_site_name":"IBOIX","article_modified_time":"2026-03-26T17:11:59+00:00","twitter_card":"summary_large_image","twitter_misc":{"Tiempo de lectura":"2 minutos"},"schema":{"@context":"https:\/\/schema.org","@graph":[{"@type":"WebPage","@id":"https:\/\/escolaiboix.com\/es\/escuela\/admisiones-pag\/","url":"https:\/\/escolaiboix.com\/es\/escuela\/admisiones-pag\/","name":"Admisiones grado online en Ilustraci\u00f3n Profesional - IBOIX","isPartOf":{"@id":"https:\/\/escolaiboix.com\/#website"},"datePublished":"2026-03-04T09:47:48+00:00","dateModified":"2026-03-26T17:11:59+00:00","description":"Un grado dise\u00f1ado por artistas con ambici\u00f3n: aprendizaje pr\u00e1ctico, profesorado en activo y enfoque total al mundo profesional.","breadcrumb":{"@id":"https:\/\/escolaiboix.com\/es\/escuela\/admisiones-pag\/#breadcrumb"},"inLanguage":"es","potentialAction":[{"@type":"ReadAction","target":["https:\/\/escolaiboix.com\/es\/escuela\/admisiones-pag\/"]}]},{"@type":"BreadcrumbList","@id":"https:\/\/escolaiboix.com\/es\/escuela\/admisiones-pag\/#breadcrumb","itemListElement":[{"@type":"ListItem","position":1,"name":"Inici","item":"https:\/\/escolaiboix.com\/es\/"},{"@type":"ListItem","position":2,"name":"Escuela","item":"https:\/\/escolaiboix.com\/es\/escuela\/"},{"@type":"ListItem","position":3,"name":"Admisiones PAG"}]},{"@type":"WebSite","@id":"https:\/\/escolaiboix.com\/#website","url":"https:\/\/escolaiboix.com\/","name":"IBOIX","description":"Dibuixa!","potentialAction":[{"@type":"SearchAction","target":{"@type":"EntryPoint","urlTemplate":"https:\/\/escolaiboix.com\/?s={search_term_string}"},"query-input":{"@type":"PropertyValueSpecification","valueRequired":true,"valueName":"search_term_string"}}],"inLanguage":"es"}]}},"_links":{"self":[{"href":"https:\/\/escolaiboix.com\/es\/wp-json\/wp\/v2\/pages\/4243","targetHints":{"allow":["GET"]}}],"collection":[{"href":"https:\/\/escolaiboix.com\/es\/wp-json\/wp\/v2\/pages"}],"about":[{"href":"https:\/\/escolaiboix.com\/es\/wp-json\/wp\/v2\/types\/page"}],"author":[{"embeddable":true,"href":"https:\/\/escolaiboix.com\/es\/wp-json\/wp\/v2\/users\/1"}],"replies":[{"embeddable":true,"href":"https:\/\/escolaiboix.com\/es\/wp-json\/wp\/v2\/comments?post=4243"}],"version-history":[{"count":4,"href":"https:\/\/escolaiboix.com\/es\/wp-json\/wp\/v2\/pages\/4243\/revisions"}],"predecessor-version":[{"id":4308,"href":"https:\/\/escolaiboix.com\/es\/wp-json\/wp\/v2\/pages\/4243\/revisions\/4308"}],"up":[{"embeddable":true,"href":"https:\/\/escolaiboix.com\/es\/wp-json\/wp\/v2\/pages\/2203"}],"wp:attachment":[{"href":"https:\/\/escolaiboix.com\/es\/wp-json\/wp\/v2\/media?parent=4243"}],"curies":[{"name":"wp","href":"https:\/\/api.w.org\/{rel}","templated":true}]}}