{"id":2512,"date":"2025-12-31T12:51:59","date_gmt":"2025-12-31T11:51:59","guid":{"rendered":"https:\/\/escolaiboix.com\/productora\/"},"modified":"2026-03-18T11:56:21","modified_gmt":"2026-03-18T10:56:21","slug":"productora","status":"publish","type":"page","link":"https:\/\/escolaiboix.com\/es\/productora\/","title":{"rendered":"Productora"},"content":{"rendered":"<section class=\"l-section wpb_row height_huge color_alternate with_img\" id=\"innHd\"><div class=\"l-section-img\" role=\"img\" aria-label=\"Productora IBOIX\" data-img-width=\"1920\" data-img-height=\"750\" style=\"background-image: url(https:\/\/escolaiboix.com\/wp-content\/uploads\/2026\/01\/Productora-hd.jpg);\"><\/div><div class=\"l-section-overlay\" style=\"background:#929292\"><\/div><div class=\"l-section-h i-cf\"><div class=\"g-cols vc_row via_grid cols_1 laptops-cols_inherit tablets-cols_inherit mobiles-cols_1 valign_top type_default stacking_default\"><div class=\"wpb_column vc_column_container\"><div class=\"vc_column-inner\"><div class=\"w-image us_custom_03cd097b us_animate_this align_center\"><div class=\"w-image-h\"><img decoding=\"async\" src=\"https:\/\/escolaiboix.com\/wp-content\/uploads\/2026\/01\/Iboiximpuls-logo.svg\" class=\"attachment-full size-full\" alt=\"Productora IBOIX\" loading=\"lazy\" \/><\/div><\/div><div class=\"wpb_text_column us_custom_f70d789f us_animate_this\"><div class=\"wpb_wrapper\"><p style=\"text-align: center;\">La productora del talento emergente<\/p>\n<\/div><\/div><\/div><\/div><\/div><\/div><\/section><section class=\"l-section wpb_row us_custom_887a049b Dbl height_auto\"><div class=\"l-section-h i-cf\"><div class=\"g-cols vc_row via_grid cols_2 laptops-cols_inherit tablets-cols_inherit mobiles-cols_1 valign_middle type_default stacking_default\"><div data-us-scroll=\"{&quot;from_initial_position&quot;:&quot;0&quot;,&quot;start_position&quot;:&quot;0%&quot;,&quot;end_position&quot;:&quot;50%&quot;,&quot;delay&quot;:&quot;0.1s&quot;,&quot;translate_y_direction&quot;:&quot;up&quot;,&quot;translate_y_speed&quot;:&quot;0.3x&quot;}\" class=\"wpb_column vc_column_container nfCl has_scroll_effects has_translate_y\"><div class=\"vc_column-inner\"><div class=\"wpb_text_column us_custom_f25b5667\"><div class=\"wpb_wrapper\"><h5>Impulsando proyectos art\u00edsticos hacia el circuito profesional<\/h5>\n<\/div><\/div><div class=\"wpb_text_column\"><div class=\"wpb_wrapper\"><p>IBOIX IMPULS es la <strong>productora y plataforma<\/strong> que da continuidad profesional a los proyectos art\u00edsticos con m\u00e1s potencial surgidos del ecosistema IBOIX. Nace con una voluntad muy concreta: <strong>llevar el talento y las ideas que nacen en las aulas al mundo profesional<\/strong>, convirtiendo proyectos acad\u00e9micos en propuestas reales, viables y conectadas con la industria cultural y creativa.<\/p>\n<\/div><\/div><div class=\"w-tabs Rdmr style_default switch_click accordion\"><div class=\"w-tabs-sections titles-align_none icon_none\"><div class=\"w-tabs-section no_indents\" id=\"q7f5\"><button class=\"w-tabs-section-header with_icon\" aria-controls=\"content-q7f5\" aria-expanded=\"false\"><i class=\"fas fa-stream\"><\/i><p class=\"w-tabs-section-title\">leer m\u00e1s<\/p><div class=\"w-tabs-section-control\"><\/div><\/button><div  class=\"w-tabs-section-content\" id=\"content-q7f5\"><div class=\"w-tabs-section-content-h i-cf\"><div class=\"wpb_text_column\"><div class=\"wpb_wrapper\"><p>Lejos de ser una simulaci\u00f3n o un ejercicio formativo, IBOIX IMPULS funciona como una estructura profesional real, que aporta recursos, criterio, asesoramiento y acompa\u00f1amiento <strong>para que los proyectos puedan crecer, madurar y encontrar su lugar en el circuito profesional<\/strong>. La productora da apoyo para que estos proyectos puedan llegar al mercado, participar en festivales y premios, acceder a subvenciones y convocatorias, o establecer colaboraciones con agentes del sector, <strong>siempre respetando la autor\u00eda y la identidad creativa de sus creadores<\/strong>.<\/p>\n<\/div><\/div><\/div><\/div><\/div><\/div><\/div><div class=\"w-btn-wrapper align_none\"><a class=\"w-btn us-btn-style_1\" href=\"#Prllx\"><span class=\"w-btn-label\">Pide m\u00e1s info ahora<\/span><\/a><\/div><\/div><\/div><div data-us-scroll=\"{&quot;from_initial_position&quot;:&quot;0&quot;,&quot;start_position&quot;:&quot;0%&quot;,&quot;end_position&quot;:&quot;50%&quot;,&quot;delay&quot;:&quot;0.1s&quot;,&quot;scale_direction&quot;:&quot;up&quot;,&quot;scale_speed&quot;:&quot;0.3x&quot;}\" class=\"wpb_column vc_column_container mgCl has_scroll_effects has_scale stretched\"><div class=\"vc_column-inner\"><div class=\"w-image align_none\"><div class=\"w-image-h\"><img decoding=\"async\" width=\"960\" height=\"981\" src=\"https:\/\/escolaiboix.com\/wp-content\/uploads\/2026\/02\/productora-img.jpg\" class=\"attachment-full size-full\" alt=\"Productora IBOIX\" loading=\"lazy\" srcset=\"https:\/\/escolaiboix.com\/wp-content\/uploads\/2026\/02\/productora-img.jpg 960w, https:\/\/escolaiboix.com\/wp-content\/uploads\/2026\/02\/productora-img-294x300.jpg 294w, https:\/\/escolaiboix.com\/wp-content\/uploads\/2026\/02\/productora-img-600x613.jpg 600w\" sizes=\"auto, (max-width: 960px) 100vw, 960px\" \/><\/div><\/div><\/div><\/div><\/div><\/div><\/section><section class=\"l-section wpb_row height_huge\" id=\"Hllf\"><div class=\"l-section-overlay\" style=\"background:#FBF8F4\"><\/div><div class=\"l-section-h i-cf\"><div class=\"g-cols vc_row via_grid cols_1 laptops-cols_inherit tablets-cols_inherit mobiles-cols_1 valign_top type_default stacking_default\"><div data-us-scroll=\"{&quot;from_initial_position&quot;:&quot;0&quot;,&quot;start_position&quot;:&quot;0%&quot;,&quot;end_position&quot;:&quot;50%&quot;,&quot;delay&quot;:&quot;0.1s&quot;,&quot;opacity_direction&quot;:&quot;out-in&quot;}\" class=\"wpb_column vc_column_container has_scroll_effects has_opacity\"><div class=\"vc_column-inner\"><div class=\"wpb_text_column\"><div class=\"wpb_wrapper\"><h3>\u00bfTIENES UN PROYECTO?<\/h3>\n<\/div><\/div><div class=\"wpb_text_column us_custom_50cc7d67\"><div class=\"wpb_wrapper\"><p>En IBOIX Impuls valoramos todas las propuestas que nos lleguen, aunque sean de fuera de la escuela. Expl\u00edcanos tu idea y si es viable y tiene recorrido comercial te ayudaremos a convertirla en realidad.<\/p>\n<\/div><\/div><div class=\"w-image align_none\"><div class=\"w-image-h\"><img decoding=\"async\" width=\"1920\" height=\"750\" src=\"https:\/\/escolaiboix.com\/wp-content\/uploads\/2026\/02\/Cursosestiu-hd.jpg\" class=\"attachment-full size-full\" alt=\"Cursos d\u2019estiu dibuix IBOIX\" loading=\"lazy\" srcset=\"https:\/\/escolaiboix.com\/wp-content\/uploads\/2026\/02\/Cursosestiu-hd.jpg 1920w, https:\/\/escolaiboix.com\/wp-content\/uploads\/2026\/02\/Cursosestiu-hd-300x117.jpg 300w, https:\/\/escolaiboix.com\/wp-content\/uploads\/2026\/02\/Cursosestiu-hd-1024x400.jpg 1024w, https:\/\/escolaiboix.com\/wp-content\/uploads\/2026\/02\/Cursosestiu-hd-600x234.jpg 600w\" sizes=\"auto, (max-width: 1920px) 100vw, 1920px\" \/><\/div><\/div><\/div><\/div><\/div><\/div><\/section><section class=\"l-section wpb_row height_large\" id=\"FaQ\"><div class=\"l-section-overlay\" style=\"background:#FBF8F4\"><\/div><div class=\"l-section-h i-cf\"><div class=\"g-cols vc_row via_grid cols_1 laptops-cols_inherit tablets-cols_inherit mobiles-cols_1 valign_top type_default stacking_default\"><div data-us-scroll=\"{&quot;from_initial_position&quot;:&quot;0&quot;,&quot;start_position&quot;:&quot;0%&quot;,&quot;end_position&quot;:&quot;50%&quot;,&quot;delay&quot;:&quot;0.1s&quot;,&quot;scale_direction&quot;:&quot;up&quot;,&quot;scale_speed&quot;:&quot;0.3x&quot;}\" class=\"wpb_column vc_column_container has_scroll_effects has_scale\"><div class=\"vc_column-inner\"><div class=\"wpb_text_column us_custom_9c33410b\"><div class=\"wpb_wrapper\"><h3>C\u00d3MO FUNCIONA IBOIX IMPULS<\/h3>\n<\/div><\/div><div class=\"wpb_text_column us_custom_44e02295\"><div class=\"wpb_wrapper\"><p>As\u00ed puedes llevar tu idea al circuito comercial<\/p>\n<\/div><\/div><div class=\"w-tabs us_custom_af6a9b6a Acr style_default switch_click accordion\"><div class=\"w-tabs-sections titles-align_none icon_triangle cpos_right\"><div class=\"w-tabs-section active\" id=\"sd17\"><button class=\"w-tabs-section-header active\" aria-controls=\"content-sd17\" aria-expanded=\"true\"><h6 class=\"w-tabs-section-title\">Tipos de proyectos impulsados<\/h6><div class=\"w-tabs-section-control\"><\/div><\/button><div  class=\"w-tabs-section-content\" id=\"content-sd17\"><div class=\"w-tabs-section-content-h i-cf\"><div class=\"wpb_text_column\"><div class=\"wpb_wrapper\"><p>La productora valora cualquier tipo de proyecto art\u00edstico dirigido al sector del entretenimiento. Pero estos son los formatos m\u00e1s habituales: <\/p>\n<p>Libro infantil<br \/>\nNovela gr\u00e1fica<br \/>\nC\u00f3mic<br \/>\nManga<br \/>\nCortos de animaci\u00f3n<br \/>\nJuegos de mesa<br \/>\nCartas<br \/>\nVideojuegos<\/p>\n<\/div><\/div><\/div><\/div><\/div><div class=\"w-tabs-section\" id=\"ief9\"><button class=\"w-tabs-section-header\" aria-controls=\"content-ief9\" aria-expanded=\"false\"><h6 class=\"w-tabs-section-title\">C\u00f3mo seleccionamos y acompa\u00f1amos los proyectos<\/h6><div class=\"w-tabs-section-control\"><\/div><\/button><div  class=\"w-tabs-section-content\" id=\"content-ief9\"><div class=\"w-tabs-section-content-h i-cf\"><div class=\"wpb_text_column\"><div class=\"wpb_wrapper\"><p>IBOIX IMPULS trabaja con proyectos con identidad propia, independientemente de su origen. La productora selecciona aquellas propuestas que comparten una misma visi\u00f3n: una fuerte base art\u00edstica, creatividad con criterio y la voluntad de construir proyectos con recorrido dentro del circuito profesional. <\/p>\n<p>Cuando un proyecto encaja con esta filosof\u00eda, IBOIX IMPULS aporta financiaci\u00f3n, recursos o apoyo de producci\u00f3n a cambio de una participaci\u00f3n en los derechos de explotaci\u00f3n o en las ventas. En todos los casos, los derechos de autor\u00eda se mantienen siempre en manos de sus creadores, garantizando un modelo de colaboraci\u00f3n equilibrado, transparente y respetuoso con la identidad de cada proyecto.<\/p>\n<\/div><\/div><\/div><\/div><\/div><div class=\"w-tabs-section\" id=\"i10b\"><button class=\"w-tabs-section-header\" aria-controls=\"content-i10b\" aria-expanded=\"false\"><h6 class=\"w-tabs-section-title\">\u00a1Eii!: la manera m\u00e1s r\u00e1pida de llevar proyectos al mercado<\/h6><div class=\"w-tabs-section-control\"><\/div><\/button><div  class=\"w-tabs-section-content\" id=\"content-i10b\"><div class=\"w-tabs-section-content-h i-cf\"><div class=\"wpb_text_column\"><div class=\"wpb_wrapper\"><p>\u00a1Eii! es el programa anual de open call, mentor\u00eda e incubaci\u00f3n de proyectos de IBOIX IMPULS. Est\u00e1 pensado para identificar ideas con potencial real, acompa\u00f1arlas en su desarrollo y seleccionar aquellas propuestas que pueden dar el salto al mercado con el apoyo de una productora.  <\/p>\n<p>A trav\u00e9s de una convocatoria abierta, un programa de mentor\u00edas gratuito y un proceso de selecci\u00f3n final ante un jurado profesional, \u00a1Eii! ofrece a los creadores criterio, herramientas y recursos para madurar sus proyectos sin perder la autor\u00eda. El proyecto seleccionado accede a una fase de desarrollo profesional con apoyo econ\u00f3mico y acuerdo de colaboraci\u00f3n, garantizando siempre que los derechos de autor se mantienen en manos de los creadores, dentro de un modelo justo, transparente y orientado al crecimiento real del proyecto.<\/p>\n<\/div><\/div><\/div><\/div><\/div><\/div><\/div><\/div><\/div><\/div><\/div><\/section><section class=\"l-section wpb_row Frm height_medium color_alternate with_img parallax_ver\" id=\"Prllx\"><div class=\"l-section-img\" role=\"img\" aria-label=\"Productora IBOIX\" data-img-width=\"1920\" data-img-height=\"1047\" style=\"background-image: url(https:\/\/escolaiboix.com\/wp-content\/uploads\/2026\/01\/Productora-bg.jpg);background-repeat: no-repeat;\"><\/div><div class=\"l-section-h i-cf\"><div class=\"g-cols vc_row via_grid cols_1 laptops-cols_inherit tablets-cols_inherit mobiles-cols_1 valign_top type_default stacking_default\"><div data-us-scroll=\"{&quot;from_initial_position&quot;:&quot;0&quot;,&quot;start_position&quot;:&quot;0%&quot;,&quot;end_position&quot;:&quot;50%&quot;,&quot;delay&quot;:&quot;0.1s&quot;,&quot;opacity_direction&quot;:&quot;out-in&quot;,&quot;scale_direction&quot;:&quot;up&quot;,&quot;scale_speed&quot;:&quot;0.3x&quot;}\" class=\"wpb_column vc_column_container has_scroll_effects has_opacity has_scale\"><div class=\"vc_column-inner\"><div class=\"w-hwrapper us_custom_8d5aa4e2 valign_middle align_left\" style=\"--hwrapper-gap:1rem\"><div class=\"w-image align_left\"><div class=\"w-image-h\"><img decoding=\"async\" src=\"https:\/\/escolaiboix.com\/wp-content\/uploads\/2026\/01\/Logoiboix-escola.svg\" class=\"attachment-full size-full\" alt=\"IBOIX escola\" loading=\"lazy\" \/><\/div><\/div><div class=\"w-vwrapper align_left valign_top\" style=\"--vwrapper-gap:5px\"><div class=\"wpb_text_column us_custom_064d3121\"><div class=\"wpb_wrapper\"><h5>CONTACTO<\/h5>\n<\/div><\/div><\/div><\/div>\n<div class=\"wpcf7 no-js\" id=\"wpcf7-f2773-o1\" lang=\"es-ES\" dir=\"ltr\" data-wpcf7-id=\"2773\">\n<div class=\"screen-reader-response\"><p role=\"status\" aria-live=\"polite\" aria-atomic=\"true\"><\/p> <ul><\/ul><\/div>\n<form action=\"\/es\/wp-json\/wp\/v2\/pages\/2512#wpcf7-f2773-o1\" method=\"post\" class=\"wpcf7-form init\" aria-label=\"Formulario de contacto\" novalidate=\"novalidate\" data-status=\"init\">\n<fieldset class=\"hidden-fields-container\"><input type=\"hidden\" name=\"_wpcf7\" value=\"2773\" \/><input type=\"hidden\" name=\"_wpcf7_version\" value=\"6.1.5\" \/><input type=\"hidden\" name=\"_wpcf7_locale\" value=\"es_ES\" \/><input type=\"hidden\" name=\"_wpcf7_unit_tag\" value=\"wpcf7-f2773-o1\" \/><input type=\"hidden\" name=\"_wpcf7_container_post\" value=\"0\" \/><input type=\"hidden\" name=\"_wpcf7_posted_data_hash\" value=\"\" \/>\n<\/fieldset>\n<div class=\"wpcf7-turnstile cf-turnstile\" data-sitekey=\"0x4AAAAAACBvqEpAYeOzeVJh\" data-response-field-name=\"_wpcf7_turnstile_response\"><\/div>\n\n<div class=\"hlf\">\n\t<p><span class=\"wpcf7-form-control-wrap\" data-name=\"your-name\"><input size=\"40\" maxlength=\"400\" class=\"wpcf7-form-control wpcf7-text wpcf7-validates-as-required\" aria-required=\"true\" aria-invalid=\"false\" placeholder=\"Nombre y apellidos*\" value=\"\" type=\"text\" name=\"your-name\" \/><\/span><span class=\"wpcf7-form-control-wrap\" data-name=\"your-email\"><input size=\"40\" maxlength=\"400\" class=\"wpcf7-form-control wpcf7-email wpcf7-validates-as-required wpcf7-text wpcf7-validates-as-email\" aria-required=\"true\" aria-invalid=\"false\" placeholder=\"Email*\" value=\"\" type=\"email\" name=\"your-email\" \/><\/span>\n\t<\/p>\n<\/div>\n<div class=\"hlf\">\n\t<p><span class=\"wpcf7-form-control-wrap\" data-name=\"your-phone\"><input size=\"40\" maxlength=\"400\" class=\"wpcf7-form-control wpcf7-tel wpcf7-validates-as-required wpcf7-text wpcf7-validates-as-tel\" aria-required=\"true\" aria-invalid=\"false\" placeholder=\"Tel\u00e9fono*\" value=\"\" type=\"tel\" name=\"your-phone\" \/><\/span><span class=\"wpcf7-form-control-wrap\" data-name=\"select-acom\"><select class=\"wpcf7-form-control wpcf7-select wpcf7-validates-as-required\" aria-required=\"true\" aria-invalid=\"false\" name=\"select-acom\"><option value=\"\">Curso de inter\u00e9s<\/option><option value=\"Grado de Ilustraci\u00f3n Profesional\">Grado de Ilustraci\u00f3n Profesional<\/option><option value=\"M\u00e1ster en Arte para Animaci\u00f3n y Videojuegos\">M\u00e1ster en Arte para Animaci\u00f3n y Videojuegos<\/option><option value=\"M\u00e1ster en Ilustraci\u00f3n profesional\">M\u00e1ster en Ilustraci\u00f3n profesional<\/option><option value=\"Curso de Ilustraci\u00f3n Digital\">Curso de Ilustraci\u00f3n Digital<\/option><option value=\"Curso de arte tradicional\">Curso de arte tradicional<\/option><option value=\"Cursos de verano\">Cursos de verano<\/option><option value=\"Extraescolar de dibujo digital\">Extraescolar de dibujo digital<\/option><option value=\"Otros\">Otros<\/option><\/select><\/span>\n\t<\/p>\n<\/div>\n<div class=\"one\">\n\t<p><span class=\"wpcf7-form-control-wrap\" data-name=\"your-textarea\"><textarea cols=\"40\" rows=\"10\" maxlength=\"2000\" class=\"wpcf7-form-control wpcf7-textarea\" aria-invalid=\"false\" placeholder=\"Comentarios\" name=\"your-textarea\"><\/textarea><\/span>\n\t<\/p>\n<\/div>\n<div class=\"legal_sb\">\n\t<div class=\"legal\">\n\t\t<p><span class=\"wpcf7-form-control-wrap\" data-name=\"acceptance-645\"><span class=\"wpcf7-form-control wpcf7-acceptance optional\"><span class=\"wpcf7-list-item\"><input type=\"checkbox\" name=\"acceptance-645\" value=\"1\" aria-invalid=\"false\" \/><\/span><\/span><\/span>\n\t\t<\/p>\n\t\t<p>*He le\u00eddo y acepto <a href=\"https:\/\/escolaiboix.com\/politica-de-privacitat\/\" target=\"blank\">la pol\u00edtica de privacidad<\/a> y el tratamiento de mis datos personales para gestionar mi solicitud y recibir comunicaciones informativas de IBOIX Escola\n\t\t<\/p>\n\t<\/div>\n\t<div class=\"send\">\n\t\t<p><input class=\"wpcf7-form-control wpcf7-submit has-spinner\" type=\"submit\" value=\"Enviar\" \/>\n\t\t<\/p>\n\t<\/div>\n<\/div>\n<p style=\"margin:0; padding:0; line-height: 0; Height:0;\"><span id=\"wpcf7-69f765643df31-wrapper\" class=\"wpcf7-form-control-wrap honeypot-781-wrap\" style=\"display:none !important; visibility:hidden !important;\"><label for=\"hddn-form\" class=\"hp-message\">Por favor, deja este campo vac\u00edo.<\/label><input id=\"hddn-form\"  class=\"wpcf7-form-control wpcf7-text\" type=\"text\" name=\"honeypot-781\" value=\"\" size=\"40\" tabindex=\"-1\" autocomplete=\"new-password\" \/><\/span>\n<\/p><div class=\"wpcf7-response-output\" aria-hidden=\"true\"><\/div>\n<\/form>\n<\/div>\n\n<\/div><\/div><\/div><\/div><\/section>\n","protected":false},"excerpt":{"rendered":"La productora del talento emergente Impulsando proyectos art\u00edsticos hacia el circuito profesional IBOIX IMPULS es la productora y plataforma que da continuidad profesional a los proyectos art\u00edsticos con m\u00e1s potencial surgidos del ecosistema IBOIX. Nace con una voluntad muy concreta: llevar el talento y las ideas que nacen en las aulas al mundo profesional, convirtiendo...","protected":false},"author":1,"featured_media":0,"parent":0,"menu_order":0,"comment_status":"closed","ping_status":"closed","template":"","meta":{"footnotes":"","_links_to":"","_links_to_target":""},"class_list":["post-2512","page","type-page","status-publish","hentry"],"yoast_head":"<!-- This site is optimized with the Yoast SEO plugin v27.2 - https:\/\/yoast.com\/product\/yoast-seo-wordpress\/ -->\n<title>IBOIX IMPULS - La Productora del talento emergente<\/title>\n<meta name=\"description\" content=\"IBOIX IMPULS es la productora y plataforma que da continuidad profesional a los proyectos art\u00edsticos con m\u00e1s potencial surgidos del ecosistema IBOIX.\" \/>\n<meta name=\"robots\" content=\"index, follow, max-snippet:-1, max-image-preview:large, max-video-preview:-1\" \/>\n<link rel=\"canonical\" href=\"https:\/\/escolaiboix.com\/productora\/\" \/>\n<meta property=\"og:locale\" content=\"es_ES\" \/>\n<meta property=\"og:type\" content=\"article\" \/>\n<meta property=\"og:title\" content=\"IBOIX IMPULS - La Productora del talento emergente\" \/>\n<meta property=\"og:description\" content=\"IBOIX IMPULS es la productora y plataforma que da continuidad profesional a los proyectos art\u00edsticos con m\u00e1s potencial surgidos del ecosistema IBOIX.\" \/>\n<meta property=\"og:url\" content=\"https:\/\/escolaiboix.com\/productora\/\" \/>\n<meta property=\"og:site_name\" content=\"IBOIX\" \/>\n<meta property=\"article:modified_time\" content=\"2026-03-18T10:56:21+00:00\" \/>\n<meta name=\"twitter:card\" content=\"summary_large_image\" \/>\n<meta name=\"twitter:label1\" content=\"Tiempo de lectura\" \/>\n\t<meta name=\"twitter:data1\" content=\"5 minutos\" \/>\n<script type=\"application\/ld+json\" class=\"yoast-schema-graph\">{\"@context\":\"https:\/\/schema.org\",\"@graph\":[{\"@type\":\"WebPage\",\"@id\":\"https:\/\/escolaiboix.com\/productora\/\",\"url\":\"https:\/\/escolaiboix.com\/productora\/\",\"name\":\"IBOIX IMPULS - La Productora del talento emergente\",\"isPartOf\":{\"@id\":\"https:\/\/escolaiboix.com\/#website\"},\"datePublished\":\"2025-12-31T11:51:59+00:00\",\"dateModified\":\"2026-03-18T10:56:21+00:00\",\"description\":\"IBOIX IMPULS es la productora y plataforma que da continuidad profesional a los proyectos art\u00edsticos con m\u00e1s potencial surgidos del ecosistema IBOIX.\",\"breadcrumb\":{\"@id\":\"https:\/\/escolaiboix.com\/productora\/#breadcrumb\"},\"inLanguage\":\"es\",\"potentialAction\":[{\"@type\":\"ReadAction\",\"target\":[\"https:\/\/escolaiboix.com\/productora\/\"]}]},{\"@type\":\"BreadcrumbList\",\"@id\":\"https:\/\/escolaiboix.com\/productora\/#breadcrumb\",\"itemListElement\":[{\"@type\":\"ListItem\",\"position\":1,\"name\":\"Inici\",\"item\":\"https:\/\/escolaiboix.com\/es\/\"},{\"@type\":\"ListItem\",\"position\":2,\"name\":\"Productora\"}]},{\"@type\":\"WebSite\",\"@id\":\"https:\/\/escolaiboix.com\/#website\",\"url\":\"https:\/\/escolaiboix.com\/\",\"name\":\"IBOIX\",\"description\":\"Dibuixa!\",\"potentialAction\":[{\"@type\":\"SearchAction\",\"target\":{\"@type\":\"EntryPoint\",\"urlTemplate\":\"https:\/\/escolaiboix.com\/?s={search_term_string}\"},\"query-input\":{\"@type\":\"PropertyValueSpecification\",\"valueRequired\":true,\"valueName\":\"search_term_string\"}}],\"inLanguage\":\"es\"}]}<\/script>\n<!-- \/ Yoast SEO plugin. -->","yoast_head_json":{"title":"IBOIX IMPULS - La Productora del talento emergente","description":"IBOIX IMPULS es la productora y plataforma que da continuidad profesional a los proyectos art\u00edsticos con m\u00e1s potencial surgidos del ecosistema IBOIX.","robots":{"index":"index","follow":"follow","max-snippet":"max-snippet:-1","max-image-preview":"max-image-preview:large","max-video-preview":"max-video-preview:-1"},"canonical":"https:\/\/escolaiboix.com\/productora\/","og_locale":"es_ES","og_type":"article","og_title":"IBOIX IMPULS - La Productora del talento emergente","og_description":"IBOIX IMPULS es la productora y plataforma que da continuidad profesional a los proyectos art\u00edsticos con m\u00e1s potencial surgidos del ecosistema IBOIX.","og_url":"https:\/\/escolaiboix.com\/productora\/","og_site_name":"IBOIX","article_modified_time":"2026-03-18T10:56:21+00:00","twitter_card":"summary_large_image","twitter_misc":{"Tiempo de lectura":"5 minutos"},"schema":{"@context":"https:\/\/schema.org","@graph":[{"@type":"WebPage","@id":"https:\/\/escolaiboix.com\/productora\/","url":"https:\/\/escolaiboix.com\/productora\/","name":"IBOIX IMPULS - La Productora del talento emergente","isPartOf":{"@id":"https:\/\/escolaiboix.com\/#website"},"datePublished":"2025-12-31T11:51:59+00:00","dateModified":"2026-03-18T10:56:21+00:00","description":"IBOIX IMPULS es la productora y plataforma que da continuidad profesional a los proyectos art\u00edsticos con m\u00e1s potencial surgidos del ecosistema IBOIX.","breadcrumb":{"@id":"https:\/\/escolaiboix.com\/productora\/#breadcrumb"},"inLanguage":"es","potentialAction":[{"@type":"ReadAction","target":["https:\/\/escolaiboix.com\/productora\/"]}]},{"@type":"BreadcrumbList","@id":"https:\/\/escolaiboix.com\/productora\/#breadcrumb","itemListElement":[{"@type":"ListItem","position":1,"name":"Inici","item":"https:\/\/escolaiboix.com\/es\/"},{"@type":"ListItem","position":2,"name":"Productora"}]},{"@type":"WebSite","@id":"https:\/\/escolaiboix.com\/#website","url":"https:\/\/escolaiboix.com\/","name":"IBOIX","description":"Dibuixa!","potentialAction":[{"@type":"SearchAction","target":{"@type":"EntryPoint","urlTemplate":"https:\/\/escolaiboix.com\/?s={search_term_string}"},"query-input":{"@type":"PropertyValueSpecification","valueRequired":true,"valueName":"search_term_string"}}],"inLanguage":"es"}]}},"_links":{"self":[{"href":"https:\/\/escolaiboix.com\/es\/wp-json\/wp\/v2\/pages\/2512","targetHints":{"allow":["GET"]}}],"collection":[{"href":"https:\/\/escolaiboix.com\/es\/wp-json\/wp\/v2\/pages"}],"about":[{"href":"https:\/\/escolaiboix.com\/es\/wp-json\/wp\/v2\/types\/page"}],"author":[{"embeddable":true,"href":"https:\/\/escolaiboix.com\/es\/wp-json\/wp\/v2\/users\/1"}],"replies":[{"embeddable":true,"href":"https:\/\/escolaiboix.com\/es\/wp-json\/wp\/v2\/comments?post=2512"}],"version-history":[{"count":3,"href":"https:\/\/escolaiboix.com\/es\/wp-json\/wp\/v2\/pages\/2512\/revisions"}],"predecessor-version":[{"id":2517,"href":"https:\/\/escolaiboix.com\/es\/wp-json\/wp\/v2\/pages\/2512\/revisions\/2517"}],"wp:attachment":[{"href":"https:\/\/escolaiboix.com\/es\/wp-json\/wp\/v2\/media?parent=2512"}],"curies":[{"name":"wp","href":"https:\/\/api.w.org\/{rel}","templated":true}]}}