{"id":2489,"date":"2025-12-31T11:33:47","date_gmt":"2025-12-31T10:33:47","guid":{"rendered":"https:\/\/escolaiboix.com\/inicio\/"},"modified":"2026-03-28T19:20:47","modified_gmt":"2026-03-28T18:20:47","slug":"inicio","status":"publish","type":"page","link":"https:\/\/escolaiboix.com\/es\/","title":{"rendered":"Inicio"},"content":{"rendered":"<section class=\"l-section wpb_row height_huge color_alternate with_video\" id=\"Hd\"><div id=\"us_bg_video_f852\" class=\"l-section-video\"><script id=\"us_bg_video_f852-script\">!function(w){var node = document.getElementById( 'us_bg_video_f852' );if ( w.innerWidth <= 100 ) { node.remove() }}(window);<\/script><style>@media(max-width:100px){#us_bg_video_f852{display:none!important}}<\/style><video  autoplay loop muted playsinline preload=\"auto\" tabindex=\"-1\"><source type=\"video\/mp4\" src=\"https:\/\/escolaiboix.com\/wp-content\/uploads\/VideoPromo_HOMEPAGE.mp4\" \/><\/video><\/div><div class=\"l-section-overlay\" style=\"background:#929292\"><\/div><div class=\"l-section-h i-cf\"><div class=\"g-cols vc_row via_grid cols_1 laptops-cols_inherit tablets-cols_inherit mobiles-cols_1 valign_top type_default stacking_default\"><div class=\"wpb_column vc_column_container\"><div class=\"vc_column-inner\"><div class=\"wpb_text_column us_custom_2774bef1\"><div class=\"wpb_wrapper\"><h1 style=\"text-align: center;\">NIVEL INDUSTRIA<\/h1>\n<\/div><\/div><div data-us-scroll=\"{&quot;from_initial_position&quot;:&quot;0&quot;,&quot;start_position&quot;:&quot;0%&quot;,&quot;end_position&quot;:&quot;50%&quot;,&quot;delay&quot;:&quot;0.1s&quot;,&quot;translate_x_direction&quot;:&quot;left&quot;,&quot;translate_x_speed&quot;:&quot;0.5x&quot;}\" class=\"wpb_text_column us_custom_60e9caca us_animate_this has_scroll_effects has_translate_x\"><div class=\"wpb_wrapper\"><h4 style=\"text-align: center;\">Aprende dentro de un ecosistema creativo profesional<\/h4>\n<\/div><\/div><\/div><\/div><\/div><\/div><\/section><section data-us-scroll=\"{&quot;from_initial_position&quot;:&quot;0&quot;,&quot;start_position&quot;:&quot;0%&quot;,&quot;end_position&quot;:&quot;50%&quot;,&quot;delay&quot;:&quot;0.1s&quot;,&quot;scale_direction&quot;:&quot;up&quot;,&quot;scale_speed&quot;:&quot;0.3x&quot;}\" class=\"l-section wpb_row has_scroll_effects has_scale height_auto width_full\" id=\"AfHd\"><div class=\"l-section-h i-cf\"><div class=\"g-cols vc_row via_grid cols_4 laptops-cols_inherit tablets-cols_inherit mobiles-cols_1 valign_top type_default stacking_default\" style=\"--columns-gap:2px;\"><div class=\"wpb_column vc_column_container escola\"><div class=\"vc_column-inner\"><div class=\"w-ibanner animation_phorcys ratio_4x3 easing_ease\"><a href=\"https:\/\/escolaiboix.com\/es\/escuela\/\" aria-label=\"Escuela\"><\/a><div class=\"w-ibanner-h\"><div class=\"w-ibanner-image\" style=\"background-image: url(https:\/\/escolaiboix.com\/wp-content\/uploads\/2026\/01\/Escola-thumb.jpg)\"><\/div><div class=\"w-ibanner-content\"><div class=\"w-ibanner-content-h\"><h6 class=\"w-ibanner-title\">Escuela<\/h6><div class=\"w-ibanner-desc\"><\/div><\/div><\/div><\/div><\/div><\/div><\/div><div class=\"wpb_column vc_column_container agencia\"><div class=\"vc_column-inner\"><div class=\"w-ibanner agencia animation_phorcys ratio_4x3 easing_ease\"><a href=\"https:\/\/escolaiboix.com\/es\/agencia\/\" aria-label=\"Agencia\"><\/a><div class=\"w-ibanner-h\"><div class=\"w-ibanner-image\" style=\"background-image: url(https:\/\/escolaiboix.com\/wp-content\/uploads\/2026\/02\/Agencia-thumb.jpg)\"><\/div><div class=\"w-ibanner-content\"><div class=\"w-ibanner-content-h\"><h6 class=\"w-ibanner-title\">Agencia<\/h6><div class=\"w-ibanner-desc\"><\/div><\/div><\/div><\/div><\/div><\/div><\/div><div class=\"wpb_column vc_column_container productora\"><div class=\"vc_column-inner\"><div class=\"w-ibanner animation_phorcys ratio_4x3 easing_ease\"><a href=\"https:\/\/escolaiboix.com\/es\/productora\/\" aria-label=\"Productora\"><\/a><div class=\"w-ibanner-h\"><div class=\"w-ibanner-image\" style=\"background-image: url(https:\/\/escolaiboix.com\/wp-content\/uploads\/2026\/01\/Agencia-artistas-thumb.jpg)\"><\/div><div class=\"w-ibanner-content\"><div class=\"w-ibanner-content-h\"><h6 class=\"w-ibanner-title\">Productora<\/h6><div class=\"w-ibanner-desc\"><\/div><\/div><\/div><\/div><\/div><\/div><\/div><div class=\"wpb_column vc_column_container estudis\"><div class=\"vc_column-inner\"><div class=\"w-ibanner animation_phorcys ratio_4x3 easing_ease\"><a href=\"https:\/\/escolaiboix.com\/es\/estudio\/\" aria-label=\"Estudio\"><\/a><div class=\"w-ibanner-h\"><div class=\"w-ibanner-image\" style=\"background-image: url(https:\/\/escolaiboix.com\/wp-content\/uploads\/2026\/03\/ESTUDI-PINTEM-3.jpg)\"><\/div><div class=\"w-ibanner-content\"><div class=\"w-ibanner-content-h\"><h6 class=\"w-ibanner-title\">Estudio<\/h6><div class=\"w-ibanner-desc\"><\/div><\/div><\/div><\/div><\/div><\/div><\/div><\/div><\/div><\/section><section data-us-scroll=\"{&quot;from_initial_position&quot;:&quot;0&quot;,&quot;start_position&quot;:&quot;0%&quot;,&quot;end_position&quot;:&quot;50%&quot;,&quot;delay&quot;:&quot;0.1s&quot;,&quot;translate_x_direction&quot;:&quot;left&quot;,&quot;translate_x_speed&quot;:&quot;0.3x&quot;}\" class=\"l-section wpb_row us_custom_0e271679 has_scroll_effects has_translate_x height_large width_full\" id=\"Prtf\"><div class=\"l-section-h i-cf\"><div class=\"g-cols vc_row via_grid cols_1 laptops-cols_inherit tablets-cols_inherit mobiles-cols_1 valign_middle type_default stacking_default\"><div class=\"wpb_column vc_column_container\"><div class=\"vc_column-inner\"><div class=\"wpb_text_column us_custom_9c33410b\"><div class=\"wpb_wrapper\"><h3 style=\"text-align: center;\">Formaci\u00f3n<\/h3>\n<\/div><\/div><div class=\"wpb_text_column us_custom_50cc7d67\"><div class=\"wpb_wrapper\"><p style=\"text-align: center;\">Grados, M\u00e1steres y cursos para empezar, mejorar o especializarte.<\/p>\n<\/div><\/div><div class=\"w-grid us_post_carousel type_carousel layout_186 hidden preload_style_spinner\" id=\"us_post_list_ifa2\" style=\"--gap:5px;\"><style>.layout_186 .w-grid-item-h{}.layout_186 .usg_post_title_1{color:#ffffff!important;text-align:center!important;text-transform:none!important}.layout_186 .usg_post_content_1{text-align:center!important}.layout_186 .usg_vwrapper_1{width:100%!important;position:absolute!important;left:0!important;top:0!important;bottom:0!important;right:0!important;z-index:3!important}.layout_186 .usg_hwrapper_1{margin-top:20px!important}@media (min-width:901px) and (max-width:1380px){.layout_186 .usg_post_title_1{color:#ffffff!important;text-align:center!important;text-transform:none!important}.layout_186 .usg_post_content_1{text-align:center!important}.layout_186 .usg_hwrapper_1{margin-top:20px!important}}@media (min-width:601px) and (max-width:900px){.layout_186 .usg_post_title_1{color:#ffffff!important;text-align:center!important;text-transform:none!important}.layout_186 .usg_post_content_1{text-align:center!important}.layout_186 .usg_hwrapper_1{margin-top:20px!important}}@media (max-width:600px){.layout_186 .usg_post_title_1{color:#ffffff!important;text-align:center!important;font-size:16.5px!important;text-transform:none!important}.layout_186 .usg_post_content_1{text-align:center!important;font-size:11px!important;line-height:1.3em!important}.layout_186 .usg_hwrapper_1{margin-top:10px!important}}<\/style><div class=\"w-grid-list owl-carousel valign_top dotstyle_dash navstyle_3 arrows-ver-pos_middle arrows-hor-pos_center arrows-disabled_fade owl-responsive-2000 with_dots with_arrows\" style=\"--transition-duration:350ms;--arrows-size:20px;--arrows-gap:10px;\"><\/div><div class=\"w-grid-carousel-json hidden\" onclick='return {&quot;carousel_settings&quot;:{&quot;aria_labels&quot;:{&quot;prev&quot;:&quot;Anterior&quot;,&quot;next&quot;:&quot;Siguiente&quot;},&quot;autoplayContinual&quot;:false,&quot;autoplayHoverPause&quot;:false,&quot;autoplayTimeout&quot;:3000,&quot;autoWidth&quot;:false,&quot;smartSpeed&quot;:350,&quot;margin&quot;:0,&quot;mouseDrag&quot;:true,&quot;rtl&quot;:false,&quot;slideBy&quot;:&quot;1&quot;,&quot;touchDrag&quot;:true,&quot;slideTransition&quot;:&quot;&quot;,&quot;responsive&quot;:{&quot;0&quot;:{&quot;autoHeight&quot;:false,&quot;autoplay&quot;:true,&quot;autoWidth&quot;:false,&quot;center&quot;:false,&quot;dots&quot;:true,&quot;items&quot;:1,&quot;loop&quot;:false,&quot;nav&quot;:false,&quot;stagePadding&quot;:0,&quot;slideBy&quot;:&quot;1&quot;},&quot;601&quot;:{&quot;autoHeight&quot;:false,&quot;autoplay&quot;:true,&quot;autoWidth&quot;:false,&quot;center&quot;:false,&quot;dots&quot;:true,&quot;items&quot;:1,&quot;loop&quot;:false,&quot;nav&quot;:false,&quot;stagePadding&quot;:0,&quot;slideBy&quot;:&quot;1&quot;},&quot;768&quot;:{&quot;autoHeight&quot;:false,&quot;autoplay&quot;:false,&quot;autoWidth&quot;:false,&quot;center&quot;:false,&quot;dots&quot;:true,&quot;items&quot;:1,&quot;loop&quot;:false,&quot;nav&quot;:true,&quot;stagePadding&quot;:0,&quot;slideBy&quot;:&quot;1&quot;},&quot;1200&quot;:{&quot;items&quot;:1,&quot;autoplay&quot;:false,&quot;center&quot;:false,&quot;dots&quot;:true,&quot;nav&quot;:true,&quot;autoHeight&quot;:false,&quot;autoWidth&quot;:false,&quot;loop&quot;:false,&quot;stagePadding&quot;:0}}}}'><\/div><\/div><div class=\"w-grid-none type_message\">No se han encontrado resultados.<\/div><\/div><\/div><\/div><\/div><\/section><section class=\"l-section wpb_row us_custom_cc3800ae height_huge color_alternate with_img\" id=\"Agn\"><div class=\"l-section-img\" role=\"img\" aria-label=\"Agencia IBOIX\" data-img-width=\"1400\" data-img-height=\"933\" style=\"background-image: url(https:\/\/escolaiboix.com\/wp-content\/uploads\/2026\/02\/agencia-bg.jpg);\"><\/div><div class=\"l-section-overlay\" style=\"background:#929292\"><\/div><div class=\"l-section-h i-cf\"><div class=\"g-cols vc_row via_grid cols_1 laptops-cols_inherit tablets-cols_inherit mobiles-cols_1 valign_top type_default stacking_default\"><div class=\"wpb_column vc_column_container\"><div class=\"vc_column-inner\"><div class=\"wpb_text_column\"><div class=\"wpb_wrapper\"><h4 style=\"text-align: center;\">La \u00fanica escuela con agencia de representaci\u00f3n de artistas<\/h4>\n<p style=\"text-align: center;\">Buscamos los primeros trabajos y negociamos los primeros contratos y presupuestos<\/p>\n<\/div><\/div><div class=\"w-btn-wrapper align_center\"><a class=\"w-btn us-btn-style_1\" href=\"https:\/\/escolaiboix.com\/es\/agencia\/\"><span class=\"w-btn-label\">IBOIX TALENT<\/span><\/a><\/div><\/div><\/div><\/div><\/div><\/section><section class=\"l-section wpb_row No-Frm height_medium width_full color_alternate with_img parallax_ver\" id=\"PAbr\"><div class=\"l-section-img\" role=\"img\" aria-label=\"Puertas abiertas\" data-img-width=\"1920\" data-img-height=\"932\" style=\"background-image: url(https:\/\/escolaiboix.com\/wp-content\/uploads\/2026\/01\/Portes-obertes-bg.jpg);background-repeat: no-repeat;\"><\/div><div class=\"l-section-h i-cf\"><div class=\"g-cols vc_row via_grid cols_1 laptops-cols_inherit tablets-cols_inherit mobiles-cols_1 valign_top type_default stacking_default\"><div data-us-scroll=\"{&quot;from_initial_position&quot;:&quot;0&quot;,&quot;start_position&quot;:&quot;0%&quot;,&quot;end_position&quot;:&quot;50%&quot;,&quot;delay&quot;:&quot;0.1s&quot;,&quot;translate_x_direction&quot;:&quot;left&quot;,&quot;translate_x_speed&quot;:&quot;0.5x&quot;}\" class=\"wpb_column vc_column_container has_scroll_effects has_translate_x\"><div class=\"vc_column-inner\"><div class=\"wpb_text_column us_custom_50cc7d67\"><div class=\"wpb_wrapper\"><h2 style=\"text-align: center;\">PUERTAS ABIERTAS<\/h2>\n<\/div><\/div><div class=\"wpb_text_column us_custom_50cc7d67\"><div class=\"wpb_wrapper\"><p style=\"text-align: center;\"><strong>NUEVA FECHA<\/strong><br \/>\nS\u00e1bado 9 de mayo &#8211; 11:00<\/p>\n<\/div><\/div><div class=\"w-btn-wrapper align_center\"><a class=\"w-btn us-btn-style_1\" href=\"https:\/\/escolaiboix.com\/es\/escuela\/puertas-abiertas\/\"><span class=\"w-btn-label\">INSCR\u00cdBETE AHORA<\/span><\/a><\/div><\/div><\/div><\/div><\/div><\/section>\n<div data-us-scroll=\"{&quot;from_initial_position&quot;:&quot;0&quot;,&quot;start_position&quot;:&quot;0%&quot;,&quot;end_position&quot;:&quot;50%&quot;,&quot;delay&quot;:&quot;0.1s&quot;,&quot;translate_y_direction&quot;:&quot;up&quot;,&quot;translate_y_speed&quot;:&quot;0.3x&quot;}\" class=\"wpb_column vc_column_container nfCl has_scroll_effects has_translate_y\"><div class=\"vc_column-inner\"><\/div><\/div><div data-us-scroll=\"{&quot;from_initial_position&quot;:&quot;0&quot;,&quot;start_position&quot;:&quot;0%&quot;,&quot;end_position&quot;:&quot;50%&quot;,&quot;delay&quot;:&quot;0.1s&quot;,&quot;scale_direction&quot;:&quot;up&quot;,&quot;scale_speed&quot;:&quot;0.3x&quot;}\" class=\"wpb_column vc_column_container mgCl has_scroll_effects has_scale stretched\"><div class=\"vc_column-inner\"><\/div><\/div><div class=\"w-vwrapper us_custom_151eab55 Cta align_center valign_middle\" style=\"--vwrapper-gap:0rem\"><\/div><section class=\"l-section wpb_row us_custom_887a049b Dbl height_auto\"><div class=\"l-section-overlay\" style=\"background:#FBF8F4\"><\/div><div class=\"l-section-h i-cf\"><div class=\"g-cols vc_row via_grid cols_2 laptops-cols_inherit tablets-cols_inherit mobiles-cols_1 valign_middle type_default stacking_default\"><div data-us-scroll=\"{&quot;from_initial_position&quot;:&quot;0&quot;,&quot;start_position&quot;:&quot;0%&quot;,&quot;end_position&quot;:&quot;50%&quot;,&quot;delay&quot;:&quot;0.1s&quot;,&quot;translate_y_direction&quot;:&quot;up&quot;,&quot;translate_y_speed&quot;:&quot;0.3x&quot;}\" class=\"wpb_column vc_column_container nfCl has_scroll_effects has_translate_y\"><div class=\"vc_column-inner\"><div class=\"w-image us_custom_b5860734 align_none\"><div class=\"w-image-h\"><img decoding=\"async\" src=\"https:\/\/escolaiboix.com\/wp-content\/uploads\/2026\/01\/IboixLogo_B.svg\" class=\"attachment-full size-full\" alt=\"Escola IBOIX\" loading=\"lazy\" \/><\/div><\/div><div class=\"wpb_text_column\"><div class=\"wpb_wrapper\"><p>Una escuela organizada como un estudio profesional. Con un plan de estudios ajustado a las exigencias del mercado, profesorado compuesto por artistas en activo, tabletas gr\u00e1ficas para cada estudiante, instalaciones de alto nivel y un ambiente creativo \u00fanico.<\/p>\n<\/div><\/div><div class=\"w-btn-wrapper align_none\"><a class=\"w-btn us-btn-style_2 icon_atleft\" href=\"https:\/\/escolaiboix.com\/es\/escuela\/\"><i class=\"fas fa-arrow-right\"><\/i><span class=\"w-btn-label\">M\u00e1s info<\/span><\/a><\/div><\/div><\/div><div data-us-scroll=\"{&quot;from_initial_position&quot;:&quot;0&quot;,&quot;start_position&quot;:&quot;0%&quot;,&quot;end_position&quot;:&quot;50%&quot;,&quot;delay&quot;:&quot;0.1s&quot;,&quot;scale_direction&quot;:&quot;up&quot;,&quot;scale_speed&quot;:&quot;0.3x&quot;}\" class=\"wpb_column vc_column_container mgCl has_scroll_effects has_scale stretched\"><div class=\"vc_column-inner\"><div class=\"w-image align_none\"><div class=\"w-image-h\"><img decoding=\"async\" width=\"960\" height=\"960\" src=\"https:\/\/escolaiboix.com\/wp-content\/uploads\/2026\/02\/iboix-escola-img.jpg\" class=\"attachment-full size-full\" alt=\"IBOIX escola\" loading=\"lazy\" srcset=\"https:\/\/escolaiboix.com\/wp-content\/uploads\/2026\/02\/iboix-escola-img.jpg 960w, https:\/\/escolaiboix.com\/wp-content\/uploads\/2026\/02\/iboix-escola-img-300x300.jpg 300w, https:\/\/escolaiboix.com\/wp-content\/uploads\/2026\/02\/iboix-escola-img-150x150.jpg 150w, https:\/\/escolaiboix.com\/wp-content\/uploads\/2026\/02\/iboix-escola-img-600x600.jpg 600w\" sizes=\"auto, (max-width: 960px) 100vw, 960px\" \/><\/div><\/div><div class=\"w-vwrapper us_custom_151eab55 Cta align_center valign_middle\" style=\"--vwrapper-gap:0rem\"><div class=\"wpb_text_column\"><div class=\"wpb_wrapper\"><p>Conoce la escuela<\/p>\n<\/div><\/div><div class=\"w-popup w-btn-wrapper align_none\"><button type=\"button\" aria-label=\"Reproducir v\u00eddeo\" class=\"w-popup-trigger type_btn w-btn us-btn-style_4 icon_atright\"><span class=\"w-btn-label\">Reproducir v\u00eddeo<\/span><i class=\"fas fa-play\"><\/i><\/button><div class=\"w-popup-overlay\" style=\"background:rgba(0,0,0,0.9);\"><\/div><div class=\"w-popup-wrap layout_default\" role=\"dialog\" aria-modal=\"true\" aria-label=\"Reproducir v\u00eddeo\" style=\"--title-color:#ffffff;--title-bg-color:;--content-color:#ffffff;--content-bg-color:;--closer-color:#ffffff;--popup-width:70%;\"><button aria-label=\"Cerrar\" class=\"w-popup-closer\" type=\"button\"><\/button><div class=\"w-popup-box animation_fadeIn closerpos_outside without_title\"><div class=\"w-popup-box-h\"><div class=\"w-popup-box-content\"><div style=\"padding: 75% 0 0 0; position: relative;\"><iframe class=\"cmplz-placeholder-element cmplz-iframe cmplz-iframe-styles cmplz-video \" style=\"position: absolute; top: 0; left: 0; width: 100%; height: 100%;\" title=\"tourEscuela2026_WEB\" src=\"about:blank\" frameborder=\"0\" data-placeholder-image=\"https:\/\/escolaiboix.com\/wp-content\/uploads\/complianz\/placeholders\/vimeo1173605887-2133969198-8ccaf06e1c2fe530a0bc5fecf6cc755dd879c3a1377e66d5c55d2cf1d9a24d86-d_295x166\" data-category=\"statistics\" data-service=\"vimeo\" data-cmplz-target=\"src\" data-src-cmplz=\"https:\/\/player.vimeo.com\/video\/1173605887?badge=0&amp;autopause=0&amp;player_id=0&amp;app_id=58479\"><\/iframe><\/div>\n<p><script type=\"text\/plain\" data-service=\"vimeo\" data-category=\"statistics\" data-cmplz-src=\"https:\/\/player.vimeo.com\/api\/player.js\"><\/script><\/p>\n<\/div><\/div><\/div><\/div><\/div><\/div><\/div><\/div><\/div><\/div><\/section>\n","protected":false},"excerpt":{"rendered":"NIVEL INDUSTRIA Aprende dentro de un ecosistema creativo profesional EscuelaAgenciaProductoraEstudioFormaci\u00f3n Grados, M\u00e1steres y cursos para empezar, mejorar o especializarte. No se han encontrado resultados.La \u00fanica escuela con agencia de representaci\u00f3n de artistas Buscamos los primeros trabajos y negociamos los primeros contratos y presupuestos IBOIX TALENTPUERTAS ABIERTAS NUEVA FECHA S\u00e1bado 9 de mayo &#8211; 11:00 INSCR\u00cdBETE...","protected":false},"author":1,"featured_media":0,"parent":0,"menu_order":0,"comment_status":"closed","ping_status":"closed","template":"","meta":{"footnotes":"","_links_to":"","_links_to_target":""},"class_list":["post-2489","page","type-page","status-publish","hentry"],"yoast_head":"<!-- This site is optimized with the Yoast SEO plugin v27.2 - https:\/\/yoast.com\/product\/yoast-seo-wordpress\/ -->\n<title>IBOIX ESCOLA - HAZLO POSIBLE<\/title>\n<meta name=\"description\" content=\"Grados, cursos y actividades extraescolares. No nos limitamos a ense\u00f1ar a dibujar: formamos artistas preparados para afrontar la realidad profesional de la industria creativa.\" \/>\n<meta name=\"robots\" content=\"index, follow, max-snippet:-1, max-image-preview:large, max-video-preview:-1\" \/>\n<link rel=\"canonical\" href=\"https:\/\/escolaiboix.com\/es\/\" \/>\n<meta property=\"og:locale\" content=\"es_ES\" \/>\n<meta property=\"og:type\" content=\"article\" \/>\n<meta property=\"og:title\" content=\"IBOIX ESCOLA - HAZLO POSIBLE\" \/>\n<meta property=\"og:description\" content=\"Grados, cursos y actividades extraescolares. No nos limitamos a ense\u00f1ar a dibujar: formamos artistas preparados para afrontar la realidad profesional de la industria creativa.\" \/>\n<meta property=\"og:url\" content=\"https:\/\/escolaiboix.com\/es\/\" \/>\n<meta property=\"og:site_name\" content=\"IBOIX\" \/>\n<meta property=\"article:modified_time\" content=\"2026-03-28T18:20:47+00:00\" \/>\n<meta name=\"twitter:card\" content=\"summary_large_image\" \/>\n<meta name=\"twitter:label1\" content=\"Tiempo de lectura\" \/>\n\t<meta name=\"twitter:data1\" content=\"2 minutos\" \/>\n<script type=\"application\/ld+json\" class=\"yoast-schema-graph\">{\"@context\":\"https:\/\/schema.org\",\"@graph\":[{\"@type\":\"WebPage\",\"@id\":\"https:\/\/escolaiboix.com\/es\/\",\"url\":\"https:\/\/escolaiboix.com\/es\/\",\"name\":\"IBOIX ESCOLA - HAZLO POSIBLE\",\"isPartOf\":{\"@id\":\"https:\/\/escolaiboix.com\/#website\"},\"datePublished\":\"2025-12-31T10:33:47+00:00\",\"dateModified\":\"2026-03-28T18:20:47+00:00\",\"description\":\"Grados, cursos y actividades extraescolares. No nos limitamos a ense\u00f1ar a dibujar: formamos artistas preparados para afrontar la realidad profesional de la industria creativa.\",\"breadcrumb\":{\"@id\":\"https:\/\/escolaiboix.com\/es\/#breadcrumb\"},\"inLanguage\":\"es\",\"potentialAction\":[{\"@type\":\"ReadAction\",\"target\":[\"https:\/\/escolaiboix.com\/es\/\"]}]},{\"@type\":\"BreadcrumbList\",\"@id\":\"https:\/\/escolaiboix.com\/es\/#breadcrumb\",\"itemListElement\":[{\"@type\":\"ListItem\",\"position\":1,\"name\":\"Inici\",\"item\":\"https:\/\/escolaiboix.com\/es\/\"},{\"@type\":\"ListItem\",\"position\":2,\"name\":\"Inicio\"}]},{\"@type\":\"WebSite\",\"@id\":\"https:\/\/escolaiboix.com\/#website\",\"url\":\"https:\/\/escolaiboix.com\/\",\"name\":\"IBOIX\",\"description\":\"Dibuixa!\",\"potentialAction\":[{\"@type\":\"SearchAction\",\"target\":{\"@type\":\"EntryPoint\",\"urlTemplate\":\"https:\/\/escolaiboix.com\/?s={search_term_string}\"},\"query-input\":{\"@type\":\"PropertyValueSpecification\",\"valueRequired\":true,\"valueName\":\"search_term_string\"}}],\"inLanguage\":\"es\"}]}<\/script>\n<!-- \/ Yoast SEO plugin. -->","yoast_head_json":{"title":"IBOIX ESCOLA - HAZLO POSIBLE","description":"Grados, cursos y actividades extraescolares. No nos limitamos a ense\u00f1ar a dibujar: formamos artistas preparados para afrontar la realidad profesional de la industria creativa.","robots":{"index":"index","follow":"follow","max-snippet":"max-snippet:-1","max-image-preview":"max-image-preview:large","max-video-preview":"max-video-preview:-1"},"canonical":"https:\/\/escolaiboix.com\/es\/","og_locale":"es_ES","og_type":"article","og_title":"IBOIX ESCOLA - HAZLO POSIBLE","og_description":"Grados, cursos y actividades extraescolares. No nos limitamos a ense\u00f1ar a dibujar: formamos artistas preparados para afrontar la realidad profesional de la industria creativa.","og_url":"https:\/\/escolaiboix.com\/es\/","og_site_name":"IBOIX","article_modified_time":"2026-03-28T18:20:47+00:00","twitter_card":"summary_large_image","twitter_misc":{"Tiempo de lectura":"2 minutos"},"schema":{"@context":"https:\/\/schema.org","@graph":[{"@type":"WebPage","@id":"https:\/\/escolaiboix.com\/es\/","url":"https:\/\/escolaiboix.com\/es\/","name":"IBOIX ESCOLA - HAZLO POSIBLE","isPartOf":{"@id":"https:\/\/escolaiboix.com\/#website"},"datePublished":"2025-12-31T10:33:47+00:00","dateModified":"2026-03-28T18:20:47+00:00","description":"Grados, cursos y actividades extraescolares. No nos limitamos a ense\u00f1ar a dibujar: formamos artistas preparados para afrontar la realidad profesional de la industria creativa.","breadcrumb":{"@id":"https:\/\/escolaiboix.com\/es\/#breadcrumb"},"inLanguage":"es","potentialAction":[{"@type":"ReadAction","target":["https:\/\/escolaiboix.com\/es\/"]}]},{"@type":"BreadcrumbList","@id":"https:\/\/escolaiboix.com\/es\/#breadcrumb","itemListElement":[{"@type":"ListItem","position":1,"name":"Inici","item":"https:\/\/escolaiboix.com\/es\/"},{"@type":"ListItem","position":2,"name":"Inicio"}]},{"@type":"WebSite","@id":"https:\/\/escolaiboix.com\/#website","url":"https:\/\/escolaiboix.com\/","name":"IBOIX","description":"Dibuixa!","potentialAction":[{"@type":"SearchAction","target":{"@type":"EntryPoint","urlTemplate":"https:\/\/escolaiboix.com\/?s={search_term_string}"},"query-input":{"@type":"PropertyValueSpecification","valueRequired":true,"valueName":"search_term_string"}}],"inLanguage":"es"}]}},"_links":{"self":[{"href":"https:\/\/escolaiboix.com\/es\/wp-json\/wp\/v2\/pages\/2489","targetHints":{"allow":["GET"]}}],"collection":[{"href":"https:\/\/escolaiboix.com\/es\/wp-json\/wp\/v2\/pages"}],"about":[{"href":"https:\/\/escolaiboix.com\/es\/wp-json\/wp\/v2\/types\/page"}],"author":[{"embeddable":true,"href":"https:\/\/escolaiboix.com\/es\/wp-json\/wp\/v2\/users\/1"}],"replies":[{"embeddable":true,"href":"https:\/\/escolaiboix.com\/es\/wp-json\/wp\/v2\/comments?post=2489"}],"version-history":[{"count":15,"href":"https:\/\/escolaiboix.com\/es\/wp-json\/wp\/v2\/pages\/2489\/revisions"}],"predecessor-version":[{"id":4362,"href":"https:\/\/escolaiboix.com\/es\/wp-json\/wp\/v2\/pages\/2489\/revisions\/4362"}],"wp:attachment":[{"href":"https:\/\/escolaiboix.com\/es\/wp-json\/wp\/v2\/media?parent=2489"}],"curies":[{"name":"wp","href":"https:\/\/api.w.org\/{rel}","templated":true}]}}