{"id":2466,"date":"2025-12-31T12:51:40","date_gmt":"2025-12-31T11:51:40","guid":{"rendered":"https:\/\/escolaiboix.com\/estudio\/"},"modified":"2026-03-28T19:21:30","modified_gmt":"2026-03-28T18:21:30","slug":"estudio","status":"publish","type":"page","link":"https:\/\/escolaiboix.com\/es\/estudio\/","title":{"rendered":"Estudio"},"content":{"rendered":"<section class=\"l-section wpb_row height_huge color_alternate with_img\" id=\"innHd\"><div class=\"l-section-img\" role=\"img\" aria-label=\"Estudio IBOIX\" data-img-width=\"1920\" data-img-height=\"750\" style=\"background-image: url(https:\/\/escolaiboix.com\/wp-content\/uploads\/2026\/03\/Estudi-hd.jpg);\"><\/div><div class=\"l-section-overlay\" style=\"background:#929292\"><\/div><div class=\"l-section-h i-cf\"><div class=\"g-cols vc_row via_grid cols_1 laptops-cols_inherit tablets-cols_inherit mobiles-cols_1 valign_top type_default stacking_default\"><div class=\"wpb_column vc_column_container\"><div class=\"vc_column-inner\"><div class=\"w-image us_custom_03cd097b us_animate_this align_center\"><div class=\"w-image-h\"><img decoding=\"async\" src=\"https:\/\/escolaiboix.com\/wp-content\/uploads\/2026\/01\/estudiibooix-icon.svg\" class=\"attachment-full size-full\" alt=\"Estudi IBOIX\" loading=\"lazy\" \/><\/div><\/div><div class=\"wpb_text_column us_custom_f70d789f us_animate_this\"><div class=\"wpb_wrapper\"><p style=\"text-align: center;\">M\u00e1s de 25 a\u00f1os trabajando<br \/>\npara las grandes empresas del entretenimiento global<\/p>\n<\/div><\/div><\/div><\/div><\/div><\/div><\/section><section class=\"l-section wpb_row us_custom_887a049b Dbl height_auto\"><div class=\"l-section-h i-cf\"><div class=\"g-cols vc_row via_grid cols_2 laptops-cols_inherit tablets-cols_inherit mobiles-cols_1 valign_middle type_default stacking_default\"><div data-us-scroll=\"{&quot;from_initial_position&quot;:&quot;0&quot;,&quot;start_position&quot;:&quot;0%&quot;,&quot;end_position&quot;:&quot;50%&quot;,&quot;delay&quot;:&quot;0.1s&quot;,&quot;translate_y_direction&quot;:&quot;up&quot;,&quot;translate_y_speed&quot;:&quot;0.3x&quot;}\" class=\"wpb_column vc_column_container nfCl has_scroll_effects has_translate_y\"><div class=\"vc_column-inner\"><div class=\"wpb_text_column\"><div class=\"wpb_wrapper\"><h5>ESPECIALISTAS EN ILUSTRACI\u00d3N PARA EL ENTRETENIMIENTO<\/h5>\n<\/div><\/div><div class=\"wpb_text_column\"><div class=\"wpb_wrapper\"><p>IBOIX ESTUDI es un estudio de ilustraci\u00f3n con <strong>m\u00e1s de 25 a\u00f1os de trayectoria profesional<\/strong> en la industria del entretenimiento internacional. A lo largo de su historia ha desarrollado proyectos art\u00edsticos para marcas de primer nivel como <strong>Disney &amp; Pixar, DreamWorks, LEGO, Marvel o Mattel<\/strong>, trabajando directamente con equipos y clientes ubicados en Estados Unidos.<\/p>\n<\/div><\/div><div class=\"w-tabs Rdmr style_default switch_click accordion\"><div class=\"w-tabs-sections titles-align_none icon_none\"><div class=\"w-tabs-section no_indents\" id=\"b15a\"><button class=\"w-tabs-section-header with_icon\" aria-controls=\"content-b15a\" aria-expanded=\"false\"><i class=\"fas fa-stream\"><\/i><p class=\"w-tabs-section-title\">leer m\u00e1s<\/p><div class=\"w-tabs-section-control\"><\/div><\/button><div  class=\"w-tabs-section-content\" id=\"content-b15a\"><div class=\"w-tabs-section-content-h i-cf\"><div class=\"wpb_text_column\"><div class=\"wpb_wrapper\"><p>Su actividad se centra principalmente en la <strong>ilustraci\u00f3n editorial<\/strong>, especialmente en libros vinculados a grandes producciones cinematogr\u00e1ficas infantiles, pero tambi\u00e9n realiza <strong>ilustraciones de gran formato<\/strong> para parques tem\u00e1ticos, hoteles tem\u00e1ticos y de gran lujo, as\u00ed como para cruceros internacionales.<\/p>\n<p>Actualmente, <strong>IBOIX ESTUDI cuenta con una quincena de artistas<\/strong> profesionales especializados en ilustraci\u00f3n narrativa, conceptual y ambiental, que trabajan con flujos de producci\u00f3n reales, criterios internacionales y los est\u00e1ndares exigidos por los grandes clientes de la industria del entretenimiento.<\/p>\n<\/div><\/div><\/div><\/div><\/div><\/div><\/div><\/div><\/div><div data-us-scroll=\"{&quot;from_initial_position&quot;:&quot;0&quot;,&quot;start_position&quot;:&quot;0%&quot;,&quot;end_position&quot;:&quot;50%&quot;,&quot;delay&quot;:&quot;0.1s&quot;,&quot;scale_direction&quot;:&quot;up&quot;,&quot;scale_speed&quot;:&quot;0.3x&quot;}\" class=\"wpb_column vc_column_container mgCl has_scroll_effects has_scale stretched\"><div class=\"vc_column-inner\"><div class=\"w-image align_none\"><div class=\"w-image-h\"><img decoding=\"async\" width=\"1020\" height=\"660\" src=\"https:\/\/escolaiboix.com\/wp-content\/uploads\/2026\/03\/Painting3_MickeyDreaming_Color_lowres-e1774609321636.jpg\" class=\"attachment-full size-full\" alt=\"\" loading=\"lazy\" \/><\/div><\/div><\/div><\/div><\/div><\/div><\/section><section class=\"l-section wpb_row us_custom_06236a34 Dbl height_auto\"><div class=\"l-section-h i-cf\"><div class=\"g-cols vc_row via_grid cols_2 laptops-cols_inherit tablets-cols_inherit mobiles-cols_1 valign_middle type_default stacking_default\"><div data-us-scroll=\"{&quot;from_initial_position&quot;:&quot;0&quot;,&quot;start_position&quot;:&quot;0%&quot;,&quot;end_position&quot;:&quot;50%&quot;,&quot;delay&quot;:&quot;0.1s&quot;,&quot;translate_y_direction&quot;:&quot;up&quot;,&quot;translate_y_speed&quot;:&quot;0.3x&quot;}\" class=\"wpb_column vc_column_container nfCl has_scroll_effects has_translate_y\"><div class=\"vc_column-inner\"><div class=\"w-image align_none\"><div class=\"w-image-h\"><img decoding=\"async\" width=\"2423\" height=\"1713\" src=\"https:\/\/escolaiboix.com\/wp-content\/uploads\/2026\/03\/P1130383-1.jpg\" class=\"attachment-full size-full\" alt=\"\" loading=\"lazy\" srcset=\"https:\/\/escolaiboix.com\/wp-content\/uploads\/2026\/03\/P1130383-1.jpg 2423w, https:\/\/escolaiboix.com\/wp-content\/uploads\/2026\/03\/P1130383-1-300x212.jpg 300w, https:\/\/escolaiboix.com\/wp-content\/uploads\/2026\/03\/P1130383-1-1024x724.jpg 1024w, https:\/\/escolaiboix.com\/wp-content\/uploads\/2026\/03\/P1130383-1-600x424.jpg 600w\" sizes=\"auto, (max-width: 2423px) 100vw, 2423px\" \/><\/div><\/div><\/div><\/div><div data-us-scroll=\"{&quot;from_initial_position&quot;:&quot;0&quot;,&quot;start_position&quot;:&quot;0%&quot;,&quot;end_position&quot;:&quot;50%&quot;,&quot;delay&quot;:&quot;0.1s&quot;,&quot;scale_direction&quot;:&quot;up&quot;,&quot;scale_speed&quot;:&quot;0.3x&quot;}\" class=\"wpb_column vc_column_container mgCl has_scroll_effects has_scale stretched\"><div class=\"vc_column-inner\"><div class=\"wpb_text_column\"><div class=\"wpb_wrapper\"><h4>\u00bfQuieres saber m\u00e1s?<\/h4>\n<\/div><\/div><div class=\"wpb_text_column\"><div class=\"wpb_wrapper\"><p>Debido a los estrictos contratos de confidencialidad que firmamos con nuestros clientes, no podemos hacer p\u00fablicos muchos de los proyectos en los que participamos ni mostrar una parte importante del material desarrollado por el estudio. El respeto por los acuerdos y la discreci\u00f3n forman parte de nuestro<strong> compromiso profesional<\/strong> con las marcas con las que trabajamos.<\/p>\n<p>Si quieres conocer con m\u00e1s detalle nuestra trayectoria o recibir informaci\u00f3n adicional, puedes ponerte en contacto con el estudio en <strong><a href=\"mailto:iboix@iboix.com\">iboix@iboix.com<\/a><\/strong>.<\/p>\n<\/div><\/div><div class=\"w-btn-wrapper align_none\"><a class=\"w-btn us-btn-style_1\" href=\"mailto:iboix@iboix.com\"><span class=\"w-btn-label\">Contacta<\/span><\/a><\/div><\/div><\/div><\/div><\/div><\/section>\n","protected":false},"excerpt":{"rendered":"M\u00e1s de 25 a\u00f1os trabajando para las grandes empresas del entretenimiento global ESPECIALISTAS EN ILUSTRACI\u00d3N PARA EL ENTRETENIMIENTO IBOIX ESTUDI es un estudio de ilustraci\u00f3n con m\u00e1s de 25 a\u00f1os de trayectoria profesional en la industria del entretenimiento internacional. A lo largo de su historia ha desarrollado proyectos art\u00edsticos para marcas de primer nivel como...","protected":false},"author":1,"featured_media":0,"parent":0,"menu_order":0,"comment_status":"closed","ping_status":"closed","template":"","meta":{"footnotes":"","_links_to":"","_links_to_target":""},"class_list":["post-2466","page","type-page","status-publish","hentry"],"yoast_head":"<!-- This site is optimized with the Yoast SEO plugin v27.2 - https:\/\/yoast.com\/product\/yoast-seo-wordpress\/ -->\n<title>IBOIX ESTUDI - m\u00e1s de 25 a\u00f1os de trayectoria<\/title>\n<meta name=\"description\" content=\"IBOIX ESTUDI es un estudio de ilustraci\u00f3n con m\u00e1s de 25 a\u00f1os de trayectoria profesional en la industria del entretenimiento internacional.\" \/>\n<meta name=\"robots\" content=\"index, follow, max-snippet:-1, max-image-preview:large, max-video-preview:-1\" \/>\n<link rel=\"canonical\" href=\"https:\/\/escolaiboix.com\/es\/estudio\/\" \/>\n<meta property=\"og:locale\" content=\"es_ES\" \/>\n<meta property=\"og:type\" content=\"article\" \/>\n<meta property=\"og:title\" content=\"IBOIX ESTUDI - m\u00e1s de 25 a\u00f1os de trayectoria\" \/>\n<meta property=\"og:description\" content=\"IBOIX ESTUDI es un estudio de ilustraci\u00f3n con m\u00e1s de 25 a\u00f1os de trayectoria profesional en la industria del entretenimiento internacional.\" \/>\n<meta property=\"og:url\" content=\"https:\/\/escolaiboix.com\/es\/estudio\/\" \/>\n<meta property=\"og:site_name\" content=\"IBOIX\" \/>\n<meta property=\"article:modified_time\" content=\"2026-03-28T18:21:30+00:00\" \/>\n<meta name=\"twitter:card\" content=\"summary_large_image\" \/>\n<meta name=\"twitter:label1\" content=\"Tiempo de lectura\" \/>\n\t<meta name=\"twitter:data1\" content=\"4 minutos\" \/>\n<script type=\"application\/ld+json\" class=\"yoast-schema-graph\">{\"@context\":\"https:\/\/schema.org\",\"@graph\":[{\"@type\":\"WebPage\",\"@id\":\"https:\/\/escolaiboix.com\/es\/estudio\/\",\"url\":\"https:\/\/escolaiboix.com\/es\/estudio\/\",\"name\":\"IBOIX ESTUDI - m\u00e1s de 25 a\u00f1os de trayectoria\",\"isPartOf\":{\"@id\":\"https:\/\/escolaiboix.com\/#website\"},\"datePublished\":\"2025-12-31T11:51:40+00:00\",\"dateModified\":\"2026-03-28T18:21:30+00:00\",\"description\":\"IBOIX ESTUDI es un estudio de ilustraci\u00f3n con m\u00e1s de 25 a\u00f1os de trayectoria profesional en la industria del entretenimiento internacional.\",\"breadcrumb\":{\"@id\":\"https:\/\/escolaiboix.com\/es\/estudio\/#breadcrumb\"},\"inLanguage\":\"es\",\"potentialAction\":[{\"@type\":\"ReadAction\",\"target\":[\"https:\/\/escolaiboix.com\/es\/estudio\/\"]}]},{\"@type\":\"BreadcrumbList\",\"@id\":\"https:\/\/escolaiboix.com\/es\/estudio\/#breadcrumb\",\"itemListElement\":[{\"@type\":\"ListItem\",\"position\":1,\"name\":\"Inici\",\"item\":\"https:\/\/escolaiboix.com\/es\/\"},{\"@type\":\"ListItem\",\"position\":2,\"name\":\"Estudio\"}]},{\"@type\":\"WebSite\",\"@id\":\"https:\/\/escolaiboix.com\/#website\",\"url\":\"https:\/\/escolaiboix.com\/\",\"name\":\"IBOIX\",\"description\":\"Dibuixa!\",\"potentialAction\":[{\"@type\":\"SearchAction\",\"target\":{\"@type\":\"EntryPoint\",\"urlTemplate\":\"https:\/\/escolaiboix.com\/?s={search_term_string}\"},\"query-input\":{\"@type\":\"PropertyValueSpecification\",\"valueRequired\":true,\"valueName\":\"search_term_string\"}}],\"inLanguage\":\"es\"}]}<\/script>\n<!-- \/ Yoast SEO plugin. -->","yoast_head_json":{"title":"IBOIX ESTUDI - m\u00e1s de 25 a\u00f1os de trayectoria","description":"IBOIX ESTUDI es un estudio de ilustraci\u00f3n con m\u00e1s de 25 a\u00f1os de trayectoria profesional en la industria del entretenimiento internacional.","robots":{"index":"index","follow":"follow","max-snippet":"max-snippet:-1","max-image-preview":"max-image-preview:large","max-video-preview":"max-video-preview:-1"},"canonical":"https:\/\/escolaiboix.com\/es\/estudio\/","og_locale":"es_ES","og_type":"article","og_title":"IBOIX ESTUDI - m\u00e1s de 25 a\u00f1os de trayectoria","og_description":"IBOIX ESTUDI es un estudio de ilustraci\u00f3n con m\u00e1s de 25 a\u00f1os de trayectoria profesional en la industria del entretenimiento internacional.","og_url":"https:\/\/escolaiboix.com\/es\/estudio\/","og_site_name":"IBOIX","article_modified_time":"2026-03-28T18:21:30+00:00","twitter_card":"summary_large_image","twitter_misc":{"Tiempo de lectura":"4 minutos"},"schema":{"@context":"https:\/\/schema.org","@graph":[{"@type":"WebPage","@id":"https:\/\/escolaiboix.com\/es\/estudio\/","url":"https:\/\/escolaiboix.com\/es\/estudio\/","name":"IBOIX ESTUDI - m\u00e1s de 25 a\u00f1os de trayectoria","isPartOf":{"@id":"https:\/\/escolaiboix.com\/#website"},"datePublished":"2025-12-31T11:51:40+00:00","dateModified":"2026-03-28T18:21:30+00:00","description":"IBOIX ESTUDI es un estudio de ilustraci\u00f3n con m\u00e1s de 25 a\u00f1os de trayectoria profesional en la industria del entretenimiento internacional.","breadcrumb":{"@id":"https:\/\/escolaiboix.com\/es\/estudio\/#breadcrumb"},"inLanguage":"es","potentialAction":[{"@type":"ReadAction","target":["https:\/\/escolaiboix.com\/es\/estudio\/"]}]},{"@type":"BreadcrumbList","@id":"https:\/\/escolaiboix.com\/es\/estudio\/#breadcrumb","itemListElement":[{"@type":"ListItem","position":1,"name":"Inici","item":"https:\/\/escolaiboix.com\/es\/"},{"@type":"ListItem","position":2,"name":"Estudio"}]},{"@type":"WebSite","@id":"https:\/\/escolaiboix.com\/#website","url":"https:\/\/escolaiboix.com\/","name":"IBOIX","description":"Dibuixa!","potentialAction":[{"@type":"SearchAction","target":{"@type":"EntryPoint","urlTemplate":"https:\/\/escolaiboix.com\/?s={search_term_string}"},"query-input":{"@type":"PropertyValueSpecification","valueRequired":true,"valueName":"search_term_string"}}],"inLanguage":"es"}]}},"_links":{"self":[{"href":"https:\/\/escolaiboix.com\/es\/wp-json\/wp\/v2\/pages\/2466","targetHints":{"allow":["GET"]}}],"collection":[{"href":"https:\/\/escolaiboix.com\/es\/wp-json\/wp\/v2\/pages"}],"about":[{"href":"https:\/\/escolaiboix.com\/es\/wp-json\/wp\/v2\/types\/page"}],"author":[{"embeddable":true,"href":"https:\/\/escolaiboix.com\/es\/wp-json\/wp\/v2\/users\/1"}],"replies":[{"embeddable":true,"href":"https:\/\/escolaiboix.com\/es\/wp-json\/wp\/v2\/comments?post=2466"}],"version-history":[{"count":9,"href":"https:\/\/escolaiboix.com\/es\/wp-json\/wp\/v2\/pages\/2466\/revisions"}],"predecessor-version":[{"id":4365,"href":"https:\/\/escolaiboix.com\/es\/wp-json\/wp\/v2\/pages\/2466\/revisions\/4365"}],"wp:attachment":[{"href":"https:\/\/escolaiboix.com\/es\/wp-json\/wp\/v2\/media?parent=2466"}],"curies":[{"name":"wp","href":"https:\/\/api.w.org\/{rel}","templated":true}]}}