{"id":2452,"date":"2026-01-21T12:16:09","date_gmt":"2026-01-21T11:16:09","guid":{"rendered":"https:\/\/escolaiboix.com\/escuela\/puertas-abiertas\/"},"modified":"2026-03-28T19:19:16","modified_gmt":"2026-03-28T18:19:16","slug":"puertas-abiertas","status":"publish","type":"page","link":"https:\/\/escolaiboix.com\/es\/escuela\/puertas-abiertas\/","title":{"rendered":"Puertas abiertas"},"content":{"rendered":"<section class=\"l-section wpb_row height_huge color_alternate with_img\" id=\"innHd\"><div class=\"l-section-img\" role=\"img\" aria-label=\"Cont\u00e1ctanos IBOIX\" data-img-width=\"1920\" data-img-height=\"750\" style=\"background-image: url(https:\/\/escolaiboix.com\/wp-content\/uploads\/2026\/01\/Contacta-hd.jpg);\"><\/div><div class=\"l-section-overlay\" style=\"background:#929292\"><\/div><div class=\"l-section-h i-cf\"><div class=\"g-cols vc_row via_grid cols_1 laptops-cols_inherit tablets-cols_inherit mobiles-cols_1 valign_top type_default stacking_default\"><div class=\"wpb_column vc_column_container\"><div class=\"vc_column-inner\"><div class=\"wpb_text_column\"><div class=\"wpb_wrapper\"><h1 style=\"text-align: center;\">Puertas abiertas<\/h1>\n<\/div><\/div><div class=\"wpb_text_column us_custom_f70d789f us_animate_this\"><div class=\"wpb_wrapper\"><p style=\"text-align: center;\">Ven. Conectar\u00e1s con IBOIX desde el primer momento. <\/p>\n<\/div><\/div><\/div><\/div><\/div><\/div><\/section><section class=\"l-section wpb_row us_custom_887a049b Dbl PApg height_auto\"><div class=\"l-section-h i-cf\"><div class=\"g-cols vc_row via_grid cols_2 laptops-cols_inherit tablets-cols_inherit mobiles-cols_1 valign_middle type_default stacking_default\"><div data-us-scroll=\"{&quot;from_initial_position&quot;:&quot;0&quot;,&quot;start_position&quot;:&quot;0%&quot;,&quot;end_position&quot;:&quot;50%&quot;,&quot;delay&quot;:&quot;0.1s&quot;,&quot;translate_y_direction&quot;:&quot;up&quot;,&quot;translate_y_speed&quot;:&quot;0.3x&quot;}\" class=\"wpb_column vc_column_container nfCl has_scroll_effects has_translate_y\"><div class=\"vc_column-inner\"><div class=\"wpb_text_column us_custom_8d5aa4e2\"><div class=\"wpb_wrapper\"><h3>PUERTAS ABIERTAS 2026<\/h3>\n<\/div><\/div><div class=\"wpb_text_column\"><div class=\"wpb_wrapper\"><p><strong>NUEVA FECHA<\/strong><\/p>\n<ul>\n<li>S\u00e1bado 9 de mayo &#8211; 11:00 h<\/li>\n<\/ul>\n<\/div><\/div><\/div><\/div><div data-us-scroll=\"{&quot;from_initial_position&quot;:&quot;0&quot;,&quot;start_position&quot;:&quot;0%&quot;,&quot;end_position&quot;:&quot;50%&quot;,&quot;delay&quot;:&quot;0.1s&quot;,&quot;scale_direction&quot;:&quot;up&quot;,&quot;scale_speed&quot;:&quot;0.3x&quot;}\" class=\"wpb_column vc_column_container txCl has_scroll_effects has_scale stretched\"><div class=\"vc_column-inner\"><div class=\"w-image align_none\"><div class=\"w-image-h\"><img decoding=\"async\" width=\"960\" height=\"1104\" src=\"https:\/\/escolaiboix.com\/wp-content\/uploads\/2026\/02\/Portes-Obertes-img.jpg\" class=\"attachment-full size-full\" alt=\"Portes Obertes\" loading=\"lazy\" srcset=\"https:\/\/escolaiboix.com\/wp-content\/uploads\/2026\/02\/Portes-Obertes-img.jpg 960w, https:\/\/escolaiboix.com\/wp-content\/uploads\/2026\/02\/Portes-Obertes-img-261x300.jpg 261w, https:\/\/escolaiboix.com\/wp-content\/uploads\/2026\/02\/Portes-Obertes-img-890x1024.jpg 890w, https:\/\/escolaiboix.com\/wp-content\/uploads\/2026\/02\/Portes-Obertes-img-600x690.jpg 600w\" sizes=\"auto, (max-width: 960px) 100vw, 960px\" \/><\/div><\/div><\/div><\/div><\/div><\/div><\/section><section data-us-scroll=\"{&quot;from_initial_position&quot;:&quot;0&quot;,&quot;start_position&quot;:&quot;0%&quot;,&quot;end_position&quot;:&quot;50%&quot;,&quot;delay&quot;:&quot;0.1s&quot;,&quot;translate_y_direction&quot;:&quot;up&quot;,&quot;translate_y_speed&quot;:&quot;0.3x&quot;,&quot;scale_direction&quot;:&quot;up&quot;,&quot;scale_speed&quot;:&quot;0.3x&quot;}\" class=\"l-section wpb_row Frm PApg has_scroll_effects has_translate_y has_scale height_auto color_alternate\" id=\"PAbr\"><div class=\"l-section-h i-cf\"><div class=\"g-cols vc_row via_grid cols_2 laptops-cols_inherit tablets-cols_inherit mobiles-cols_1 valign_top type_default stacking_default\"><div class=\"wpb_column vc_column_container\"><div class=\"vc_column-inner\"><div class=\"wpb_text_column us_custom_3090c82c\"><div class=\"wpb_wrapper\"><h2>INSCR\u00cdBETE<br \/>\nAHORA<\/h2>\n<\/div><\/div><div class=\"wpb_text_column\"><div class=\"wpb_wrapper\"><p>Rellena el formulario y da el primer paso en tu carrera como artista.<\/p>\n<\/div><\/div><\/div><\/div><div class=\"wpb_column vc_column_container\"><div class=\"vc_column-inner\">\n<div class=\"wpcf7 no-js\" id=\"wpcf7-f2774-o1\" lang=\"es-ES\" dir=\"ltr\" data-wpcf7-id=\"2774\">\n<div class=\"screen-reader-response\"><p role=\"status\" aria-live=\"polite\" aria-atomic=\"true\"><\/p> <ul><\/ul><\/div>\n<form action=\"\/es\/wp-json\/wp\/v2\/pages\/2452#wpcf7-f2774-o1\" method=\"post\" class=\"wpcf7-form init\" aria-label=\"Formulario de contacto\" novalidate=\"novalidate\" data-status=\"init\">\n<fieldset class=\"hidden-fields-container\"><input type=\"hidden\" name=\"_wpcf7\" value=\"2774\" \/><input type=\"hidden\" name=\"_wpcf7_version\" value=\"6.1.5\" \/><input type=\"hidden\" name=\"_wpcf7_locale\" value=\"es_ES\" \/><input type=\"hidden\" name=\"_wpcf7_unit_tag\" value=\"wpcf7-f2774-o1\" \/><input type=\"hidden\" name=\"_wpcf7_container_post\" value=\"0\" \/><input type=\"hidden\" name=\"_wpcf7_posted_data_hash\" value=\"\" \/>\n<\/fieldset>\n<div class=\"wpcf7-turnstile cf-turnstile\" data-sitekey=\"0x4AAAAAACBvqEpAYeOzeVJh\" data-response-field-name=\"_wpcf7_turnstile_response\"><\/div>\n\n<div class=\"hlf\">\n\t<p><span class=\"wpcf7-form-control-wrap\" data-name=\"your-name\"><input size=\"40\" maxlength=\"400\" class=\"wpcf7-form-control wpcf7-text wpcf7-validates-as-required\" aria-required=\"true\" aria-invalid=\"false\" placeholder=\"Nombre y apellidos*\" value=\"\" type=\"text\" name=\"your-name\" \/><\/span><span class=\"wpcf7-form-control-wrap\" data-name=\"your-email\"><input size=\"40\" maxlength=\"400\" class=\"wpcf7-form-control wpcf7-email wpcf7-validates-as-required wpcf7-text wpcf7-validates-as-email\" aria-required=\"true\" aria-invalid=\"false\" placeholder=\"Email*\" value=\"\" type=\"email\" name=\"your-email\" \/><\/span>\n\t<\/p>\n<\/div>\n<div class=\"hlf\">\n\t<p><span class=\"wpcf7-form-control-wrap\" data-name=\"your-phone\"><input size=\"40\" maxlength=\"400\" class=\"wpcf7-form-control wpcf7-tel wpcf7-validates-as-required wpcf7-text wpcf7-validates-as-tel\" aria-required=\"true\" aria-invalid=\"false\" placeholder=\"Tel\u00e9fono*\" value=\"\" type=\"tel\" name=\"your-phone\" \/><\/span><span class=\"wpcf7-form-control-wrap\" data-name=\"select-acom\"><select class=\"wpcf7-form-control wpcf7-select wpcf7-validates-as-required\" aria-required=\"true\" aria-invalid=\"false\" name=\"select-acom\"><option value=\"\">Acompa\u00f1antes*<\/option><option value=\"0\">0<\/option><option value=\"1\">1<\/option><option value=\"2\">2<\/option><option value=\"3\">3<\/option><\/select><\/span>\n\t<\/p>\n<\/div>\n<div class=\"hlf\">\n\t<p><span class=\"wpcf7-form-control-wrap\" data-name=\"select-sesion\"><select class=\"wpcf7-form-control wpcf7-select wpcf7-validates-as-required\" aria-required=\"true\" aria-invalid=\"false\" name=\"select-sesion\"><option value=\"\">\u00bfA qu\u00e9 sesi\u00f3n te apuntamos?*<\/option><option value=\"9\/5\/2026\">9\/5\/2026<\/option><\/select><\/span><span class=\"wpcf7-form-control-wrap\" data-name=\"select-comenc\"><select class=\"wpcf7-form-control wpcf7-select wpcf7-validates-as-required\" aria-required=\"true\" aria-invalid=\"false\" name=\"select-comenc\"><option value=\"\">\u00bfCu\u00e1ndo quieres empezar?*<\/option><option value=\"Curso 2026-2027\">Curso 2026-2027<\/option><option value=\"Curso 2027-2028\">Curso 2027-2028<\/option><\/select><\/span>\n\t<\/p>\n<\/div>\n<div class=\"one\">\n\t<p><span class=\"wpcf7-form-control-wrap\" data-name=\"select-curs\"><select class=\"wpcf7-form-control wpcf7-select wpcf7-validates-as-required\" aria-required=\"true\" aria-invalid=\"false\" name=\"select-curs\"><option value=\"\">\u00bfQu\u00e9 curso te interesa?*<\/option><option value=\"PAG \/ Grado (4 a\u00f1os)\">PAG \/ Grado (4 a\u00f1os)<\/option><option value=\"M\u00e1steres (18 meses)\">M\u00e1steres (18 meses)<\/option><option value=\"Otros\">Otros<\/option><\/select><\/span>\n\t<\/p>\n<\/div>\n<div class=\"one checkbox\">\n\t<p>\u00bfC\u00f3mo nos has conocido?*\n\t<\/p>\n\t<p><span class=\"wpcf7-form-control-wrap\" data-name=\"checkbox-conegut\"><span class=\"wpcf7-form-control wpcf7-checkbox wpcf7-validates-as-required\"><span class=\"wpcf7-list-item first\"><label><input type=\"checkbox\" name=\"checkbox-conegut[]\" value=\"Alumno \/ Exalumno\" \/><span class=\"wpcf7-list-item-label\">Alumno \/ Exalumno<\/span><\/label><\/span><span class=\"wpcf7-list-item\"><label><input type=\"checkbox\" name=\"checkbox-conegut[]\" value=\"Actividades extraescolares\" \/><span class=\"wpcf7-list-item-label\">Actividades extraescolares<\/span><\/label><\/span><span class=\"wpcf7-list-item\"><label><input type=\"checkbox\" name=\"checkbox-conegut[]\" value=\"Sal\u00f3n de la Ense\u00f1anza\" \/><span class=\"wpcf7-list-item-label\">Sal\u00f3n de la Ense\u00f1anza<\/span><\/label><\/span><span class=\"wpcf7-list-item\"><label><input type=\"checkbox\" name=\"checkbox-conegut[]\" value=\"Sal\u00f3n del Manga\" \/><span class=\"wpcf7-list-item-label\">Sal\u00f3n del Manga<\/span><\/label><\/span><span class=\"wpcf7-list-item\"><label><input type=\"checkbox\" name=\"checkbox-conegut[]\" value=\"Instagram \/ TikTok\" \/><span class=\"wpcf7-list-item-label\">Instagram \/ TikTok<\/span><\/label><\/span><span class=\"wpcf7-list-item\"><label><input type=\"checkbox\" name=\"checkbox-conegut[]\" value=\"Google \/ ChatGPT\" \/><span class=\"wpcf7-list-item-label\">Google \/ ChatGPT<\/span><\/label><\/span><span class=\"wpcf7-list-item last\"><label><input type=\"checkbox\" name=\"checkbox-conegut[]\" value=\"Otros\" \/><span class=\"wpcf7-list-item-label\">Otros<\/span><\/label><\/span><\/span><\/span>\n\t<\/p>\n<\/div>\n<div class=\"legal_sb\">\n\t<div class=\"legal\">\n\t\t<p><span class=\"wpcf7-form-control-wrap\" data-name=\"acceptance-645\"><span class=\"wpcf7-form-control wpcf7-acceptance optional\"><span class=\"wpcf7-list-item\"><input type=\"checkbox\" name=\"acceptance-645\" value=\"1\" aria-invalid=\"false\" \/><\/span><\/span><\/span>He le\u00eddo y acepto <a href=\"https:\/\/escolaiboix.com\/politica-de-privacitat\/\" target=\"blank\">la pol\u00edtica de privacidad<\/a> y el tratamiento de mis datos personales para gestionar mi solicitud y recibir comunicaciones informativas de IBOIX Escola\n\t\t<\/p>\n\t<\/div>\n\t<div class=\"send\">\n\t\t<p><input class=\"wpcf7-form-control wpcf7-submit has-spinner\" type=\"submit\" value=\"Inscr\u00edbete\" \/>\n\t\t<\/p>\n\t<\/div>\n<\/div>\n<p style=\"margin:0; padding:0; line-height: 0; Height:0;\"><span id=\"wpcf7-69f7653ba614c-wrapper\" class=\"wpcf7-form-control-wrap honeypot-781-wrap\" style=\"display:none !important; visibility:hidden !important;\"><label for=\"hddn-form\" class=\"hp-message\">Por favor, deja este campo vac\u00edo.<\/label><input id=\"hddn-form\"  class=\"wpcf7-form-control wpcf7-text\" type=\"text\" name=\"honeypot-781\" value=\"\" size=\"40\" tabindex=\"-1\" autocomplete=\"new-password\" \/><\/span>\n<\/p><div class=\"wpcf7-response-output\" aria-hidden=\"true\"><\/div>\n<\/form>\n<\/div>\n<\/div><\/div><\/div><\/div><\/section><section class=\"l-section wpb_row us_custom_887a049b Dbl height_auto\"><div class=\"l-section-overlay\" style=\"background:#FBF8F4\"><\/div><div class=\"l-section-h i-cf\"><div class=\"g-cols vc_row via_grid cols_2 laptops-cols_inherit tablets-cols_inherit mobiles-cols_1 valign_middle type_default stacking_default\"><div data-us-scroll=\"{&quot;from_initial_position&quot;:&quot;0&quot;,&quot;start_position&quot;:&quot;0%&quot;,&quot;end_position&quot;:&quot;50%&quot;,&quot;delay&quot;:&quot;0.1s&quot;,&quot;translate_y_direction&quot;:&quot;up&quot;,&quot;translate_y_speed&quot;:&quot;0.3x&quot;}\" class=\"wpb_column vc_column_container nfCl has_scroll_effects has_translate_y\"><div class=\"vc_column-inner\"><div class=\"wpb_text_column\"><div class=\"wpb_wrapper\"><h5>Aqu\u00ed es donde todo empieza<\/h5>\n<\/div><\/div><div class=\"wpb_text_column\"><div class=\"wpb_wrapper\"><p>En las Puertas Abiertas de IBOIX ESCOLA empezar\u00e1s a sentir c\u00f3mo es formarte profesionalmente en ilustraci\u00f3n dentro de nuestro ecosistema. Durante la visita descubrir\u00e1s la escuela, las instalaciones y nuestra oferta formativa: asignaturas, plan de estudios, profesorado, titulaciones y salidas profesionales. <\/p>\n<p>Las sesiones se realizan en grupos reducidos, para garantizar un espacio cercano donde podr\u00e1s resolver dudas y hacer todas las preguntas que necesites.<\/p>\n<\/div><\/div><\/div><\/div><div data-us-scroll=\"{&quot;from_initial_position&quot;:&quot;0&quot;,&quot;start_position&quot;:&quot;0%&quot;,&quot;end_position&quot;:&quot;50%&quot;,&quot;delay&quot;:&quot;0.1s&quot;,&quot;scale_direction&quot;:&quot;up&quot;,&quot;scale_speed&quot;:&quot;0.3x&quot;}\" class=\"wpb_column vc_column_container txCl has_scroll_effects has_scale stretched\"><div class=\"vc_column-inner\"><div class=\"w-image align_none\"><div class=\"w-image-h\"><img decoding=\"async\" width=\"960\" height=\"806\" src=\"https:\/\/escolaiboix.com\/wp-content\/uploads\/2026\/02\/on-tot-comenca-img-1.jpg\" class=\"attachment-full size-full\" alt=\"Aqu\u00ed \u00e9s on tot comen\u00e7a a l&#039;Escola IBoix\" loading=\"lazy\" srcset=\"https:\/\/escolaiboix.com\/wp-content\/uploads\/2026\/02\/on-tot-comenca-img-1.jpg 960w, https:\/\/escolaiboix.com\/wp-content\/uploads\/2026\/02\/on-tot-comenca-img-1-300x252.jpg 300w, https:\/\/escolaiboix.com\/wp-content\/uploads\/2026\/02\/on-tot-comenca-img-1-600x504.jpg 600w\" sizes=\"auto, (max-width: 960px) 100vw, 960px\" \/><\/div><\/div><\/div><\/div><\/div><\/div><\/section><section data-us-scroll=\"{&quot;from_initial_position&quot;:&quot;0&quot;,&quot;start_position&quot;:&quot;0%&quot;,&quot;end_position&quot;:&quot;50%&quot;,&quot;delay&quot;:&quot;0.1s&quot;,&quot;scale_direction&quot;:&quot;down&quot;,&quot;scale_speed&quot;:&quot;0.3x&quot;}\" class=\"l-section wpb_row has_scroll_effects has_scale height_auto width_full\" id=\"Map\"><div class=\"l-section-h i-cf\"><div class=\"g-cols vc_row via_grid cols_1 laptops-cols_inherit tablets-cols_inherit mobiles-cols_1 valign_top type_default stacking_default\"><div class=\"wpb_column vc_column_container\"><div class=\"vc_column-inner\">[vc_goo_maps location=\u00bbIBOIX Escola\u00bb height=\u00bb500px\u00bb zoom=\u00bb15&#8243; css=\u00bb\u00bb]<\/div><\/div><\/div><\/div><\/section>\n","protected":false},"excerpt":{"rendered":"Puertas abiertas Ven. Conectar\u00e1s con IBOIX desde el primer momento. PUERTAS ABIERTAS 2026 NUEVA FECHA S\u00e1bado 9 de mayo &#8211; 11:00 h INSCR\u00cdBETE AHORA Rellena el formulario y da el primer paso en tu carrera como artista. Acompa\u00f1antes*0123 \u00bfA qu\u00e9 sesi\u00f3n te apuntamos?*9\/5\/2026\u00bfCu\u00e1ndo quieres empezar?*Curso 2026-2027Curso 2027-2028 \u00bfQu\u00e9 curso te interesa?*PAG \/ Grado (4 a\u00f1os)M\u00e1steres...","protected":false},"author":1,"featured_media":0,"parent":2203,"menu_order":0,"comment_status":"closed","ping_status":"closed","template":"","meta":{"footnotes":"","_links_to":"","_links_to_target":""},"class_list":["post-2452","page","type-page","status-publish","hentry"],"yoast_head":"<!-- This site is optimized with the Yoast SEO plugin v27.2 - https:\/\/yoast.com\/product\/yoast-seo-wordpress\/ -->\n<title>Puertas abiertas - IBOIX<\/title>\n<meta name=\"description\" content=\"Ven a las Puertas abiertas IBOIX Escola. Conectar\u00e1s con IBOIX desde el primer momento. \u00a1Aqu\u00ed es donde todo empieza!\" \/>\n<meta name=\"robots\" content=\"index, follow, max-snippet:-1, max-image-preview:large, max-video-preview:-1\" \/>\n<link rel=\"canonical\" href=\"https:\/\/escolaiboix.com\/es\/escuela\/puertas-abiertas\/\" \/>\n<meta property=\"og:locale\" content=\"es_ES\" \/>\n<meta property=\"og:type\" content=\"article\" \/>\n<meta property=\"og:title\" content=\"Puertas abiertas - IBOIX\" \/>\n<meta property=\"og:description\" content=\"Ven a las Puertas abiertas IBOIX Escola. Conectar\u00e1s con IBOIX desde el primer momento. \u00a1Aqu\u00ed es donde todo empieza!\" \/>\n<meta property=\"og:url\" content=\"https:\/\/escolaiboix.com\/es\/escuela\/puertas-abiertas\/\" \/>\n<meta property=\"og:site_name\" content=\"IBOIX\" \/>\n<meta property=\"article:modified_time\" content=\"2026-03-28T18:19:16+00:00\" \/>\n<meta name=\"twitter:card\" content=\"summary_large_image\" \/>\n<meta name=\"twitter:label1\" content=\"Tiempo de lectura\" \/>\n\t<meta name=\"twitter:data1\" content=\"2 minutos\" \/>\n<script type=\"application\/ld+json\" class=\"yoast-schema-graph\">{\"@context\":\"https:\/\/schema.org\",\"@graph\":[{\"@type\":\"WebPage\",\"@id\":\"https:\/\/escolaiboix.com\/es\/escuela\/puertas-abiertas\/\",\"url\":\"https:\/\/escolaiboix.com\/es\/escuela\/puertas-abiertas\/\",\"name\":\"Puertas abiertas - IBOIX\",\"isPartOf\":{\"@id\":\"https:\/\/escolaiboix.com\/#website\"},\"datePublished\":\"2026-01-21T11:16:09+00:00\",\"dateModified\":\"2026-03-28T18:19:16+00:00\",\"description\":\"Ven a las Puertas abiertas IBOIX Escola. Conectar\u00e1s con IBOIX desde el primer momento. \u00a1Aqu\u00ed es donde todo empieza!\",\"breadcrumb\":{\"@id\":\"https:\/\/escolaiboix.com\/es\/escuela\/puertas-abiertas\/#breadcrumb\"},\"inLanguage\":\"es\",\"potentialAction\":[{\"@type\":\"ReadAction\",\"target\":[\"https:\/\/escolaiboix.com\/es\/escuela\/puertas-abiertas\/\"]}]},{\"@type\":\"BreadcrumbList\",\"@id\":\"https:\/\/escolaiboix.com\/es\/escuela\/puertas-abiertas\/#breadcrumb\",\"itemListElement\":[{\"@type\":\"ListItem\",\"position\":1,\"name\":\"Inici\",\"item\":\"https:\/\/escolaiboix.com\/es\/\"},{\"@type\":\"ListItem\",\"position\":2,\"name\":\"Escuela\",\"item\":\"https:\/\/escolaiboix.com\/es\/escuela\/\"},{\"@type\":\"ListItem\",\"position\":3,\"name\":\"Puertas abiertas\"}]},{\"@type\":\"WebSite\",\"@id\":\"https:\/\/escolaiboix.com\/#website\",\"url\":\"https:\/\/escolaiboix.com\/\",\"name\":\"IBOIX\",\"description\":\"Dibuixa!\",\"potentialAction\":[{\"@type\":\"SearchAction\",\"target\":{\"@type\":\"EntryPoint\",\"urlTemplate\":\"https:\/\/escolaiboix.com\/?s={search_term_string}\"},\"query-input\":{\"@type\":\"PropertyValueSpecification\",\"valueRequired\":true,\"valueName\":\"search_term_string\"}}],\"inLanguage\":\"es\"}]}<\/script>\n<!-- \/ Yoast SEO plugin. -->","yoast_head_json":{"title":"Puertas abiertas - IBOIX","description":"Ven a las Puertas abiertas IBOIX Escola. Conectar\u00e1s con IBOIX desde el primer momento. \u00a1Aqu\u00ed es donde todo empieza!","robots":{"index":"index","follow":"follow","max-snippet":"max-snippet:-1","max-image-preview":"max-image-preview:large","max-video-preview":"max-video-preview:-1"},"canonical":"https:\/\/escolaiboix.com\/es\/escuela\/puertas-abiertas\/","og_locale":"es_ES","og_type":"article","og_title":"Puertas abiertas - IBOIX","og_description":"Ven a las Puertas abiertas IBOIX Escola. Conectar\u00e1s con IBOIX desde el primer momento. \u00a1Aqu\u00ed es donde todo empieza!","og_url":"https:\/\/escolaiboix.com\/es\/escuela\/puertas-abiertas\/","og_site_name":"IBOIX","article_modified_time":"2026-03-28T18:19:16+00:00","twitter_card":"summary_large_image","twitter_misc":{"Tiempo de lectura":"2 minutos"},"schema":{"@context":"https:\/\/schema.org","@graph":[{"@type":"WebPage","@id":"https:\/\/escolaiboix.com\/es\/escuela\/puertas-abiertas\/","url":"https:\/\/escolaiboix.com\/es\/escuela\/puertas-abiertas\/","name":"Puertas abiertas - IBOIX","isPartOf":{"@id":"https:\/\/escolaiboix.com\/#website"},"datePublished":"2026-01-21T11:16:09+00:00","dateModified":"2026-03-28T18:19:16+00:00","description":"Ven a las Puertas abiertas IBOIX Escola. Conectar\u00e1s con IBOIX desde el primer momento. \u00a1Aqu\u00ed es donde todo empieza!","breadcrumb":{"@id":"https:\/\/escolaiboix.com\/es\/escuela\/puertas-abiertas\/#breadcrumb"},"inLanguage":"es","potentialAction":[{"@type":"ReadAction","target":["https:\/\/escolaiboix.com\/es\/escuela\/puertas-abiertas\/"]}]},{"@type":"BreadcrumbList","@id":"https:\/\/escolaiboix.com\/es\/escuela\/puertas-abiertas\/#breadcrumb","itemListElement":[{"@type":"ListItem","position":1,"name":"Inici","item":"https:\/\/escolaiboix.com\/es\/"},{"@type":"ListItem","position":2,"name":"Escuela","item":"https:\/\/escolaiboix.com\/es\/escuela\/"},{"@type":"ListItem","position":3,"name":"Puertas abiertas"}]},{"@type":"WebSite","@id":"https:\/\/escolaiboix.com\/#website","url":"https:\/\/escolaiboix.com\/","name":"IBOIX","description":"Dibuixa!","potentialAction":[{"@type":"SearchAction","target":{"@type":"EntryPoint","urlTemplate":"https:\/\/escolaiboix.com\/?s={search_term_string}"},"query-input":{"@type":"PropertyValueSpecification","valueRequired":true,"valueName":"search_term_string"}}],"inLanguage":"es"}]}},"_links":{"self":[{"href":"https:\/\/escolaiboix.com\/es\/wp-json\/wp\/v2\/pages\/2452","targetHints":{"allow":["GET"]}}],"collection":[{"href":"https:\/\/escolaiboix.com\/es\/wp-json\/wp\/v2\/pages"}],"about":[{"href":"https:\/\/escolaiboix.com\/es\/wp-json\/wp\/v2\/types\/page"}],"author":[{"embeddable":true,"href":"https:\/\/escolaiboix.com\/es\/wp-json\/wp\/v2\/users\/1"}],"replies":[{"embeddable":true,"href":"https:\/\/escolaiboix.com\/es\/wp-json\/wp\/v2\/comments?post=2452"}],"version-history":[{"count":9,"href":"https:\/\/escolaiboix.com\/es\/wp-json\/wp\/v2\/pages\/2452\/revisions"}],"predecessor-version":[{"id":4359,"href":"https:\/\/escolaiboix.com\/es\/wp-json\/wp\/v2\/pages\/2452\/revisions\/4359"}],"up":[{"embeddable":true,"href":"https:\/\/escolaiboix.com\/es\/wp-json\/wp\/v2\/pages\/2203"}],"wp:attachment":[{"href":"https:\/\/escolaiboix.com\/es\/wp-json\/wp\/v2\/media?parent=2452"}],"curies":[{"name":"wp","href":"https:\/\/api.w.org\/{rel}","templated":true}]}}