{"id":2273,"date":"2026-02-03T10:35:04","date_gmt":"2026-02-03T09:35:04","guid":{"rendered":"https:\/\/escolaiboix.com\/derecho-de-desistimiento\/"},"modified":"2026-03-18T09:46:21","modified_gmt":"2026-03-18T08:46:21","slug":"derecho-de-desistimiento","status":"publish","type":"page","link":"https:\/\/escolaiboix.com\/es\/derecho-de-desistimiento\/","title":{"rendered":"Derecho de desistimiento"},"content":{"rendered":"<section class=\"l-section wpb_row us_custom_8cceadb7 height_medium width_custom\" style=\"--site-content-width:1140px;\"><div class=\"l-section-h i-cf\"><div class=\"g-cols vc_row via_grid cols_1 laptops-cols_inherit tablets-cols_inherit mobiles-cols_1 valign_top type_default stacking_default\"><div class=\"wpb_column vc_column_container\"><div class=\"vc_column-inner\"><div class=\"wpb_text_column us_custom_2dbf7b3f\"><div class=\"wpb_wrapper\"><h2>Derecho de desistimiento<\/h2>\n<\/div><\/div><div class=\"wpb_text_column\"><div class=\"wpb_wrapper\"><p>De conformidad con lo establecido en la normativa vigente y aplicable de protecci\u00f3n de datos de car\u00e1cter personal, te informamos de que los datos obtenidos de este formulario ser\u00e1n incorporados al sistema de tratamiento titularidad de IBOIX ESCOLA SL con NIF B66061508 y domicilio social sito en AVDA. FRANCESC MACI\u00c0, 65-67 BAIXOS, 08402 GRANOLLERS (BARCELONA) con la finalidad de atender tu derecho de desistimiento en virtud de lo establecido en la Ley 3\/2014, de 27 de marzo, por la que se modifica el texto refundido de la Ley General para la Defensa de los Consumidores y Usuarios y otras leyes complementarias, aprobado por el Real Decreto Legislativo 1\/2007, de 16 de noviembre. Tus datos se conservar\u00e1n durante el plazo estrictamente necesario para cumplir con los preceptos mencionados con anterioridad, salvo obligaci\u00f3n legal de conservaci\u00f3n. La base legal del tratamiento es el cumplimiento de una ley y\/o la relaci\u00f3n contractual que mantenemos contigo.<\/p>\n<p>A su vez, le informamos que puede contactar con el Delegado de Protecci\u00f3n de Datos, dirigi\u00e9ndose por escrito a la direcci\u00f3n de correo <a href=\"mailto:dpd.cliente@conversia.es\">dpd.cliente@conversia.es<\/a> o al tel\u00e9fono 902 877 192.<\/p>\n<p>Podr\u00e1s ejercer los derechos de acceso, rectificaci\u00f3n, limitaci\u00f3n de tratamiento, supresi\u00f3n, portabilidad y oposici\u00f3n al tratamiento de tus datos de car\u00e1cter personal, as\u00ed como del consentimiento prestado para el tratamiento de los mismos, dirigiendo tu petici\u00f3n a la direcci\u00f3n AVDA. FRANCESC MACI\u00c0, 65-67 BAIXOS, 08402 GRANOLLERS (BARCELONA) o al correo electr\u00f3nico <a href=\"mailto:admin@escolaiboix.com\">admin@escolaiboix.com<\/a>.<\/p>\n<p>Podr\u00e1s dirigirte a la Autoridad de Control competente para presentar la reclamaci\u00f3n que consideres oportuna.<\/p>\n<p>El env\u00edo de este formulario implica la formalizaci\u00f3n de tu derecho de desistimiento y, en consecuencia, la extinci\u00f3n de la obligaci\u00f3n de la ejecuci\u00f3n del contrato celebrado entre las partes. Una vez tramitada tu solicitud, IBOIX ESCOLA SL te remitir\u00e1 acuse de recibo por medio del canal de comunicaci\u00f3n que hayas indicado en el citado formulario. Te recordamos que lo deber\u00e1s conservar como prueba del ejercicio de tu derecho de desistimiento.<\/p>\n<\/div><\/div><\/div><\/div><\/div><\/div><\/section>\n","protected":false},"excerpt":{"rendered":"Derecho de desistimiento De conformidad con lo establecido en la normativa vigente y aplicable de protecci\u00f3n de datos de car\u00e1cter personal, te informamos de que los datos obtenidos de este formulario ser\u00e1n incorporados al sistema de tratamiento titularidad de IBOIX ESCOLA SL con NIF B66061508 y domicilio social sito en AVDA. FRANCESC MACI\u00c0, 65-67 BAIXOS,...","protected":false},"author":1,"featured_media":0,"parent":0,"menu_order":0,"comment_status":"closed","ping_status":"closed","template":"","meta":{"footnotes":"","_links_to":"","_links_to_target":""},"class_list":["post-2273","page","type-page","status-publish","hentry"],"yoast_head":"<!-- This site is optimized with the Yoast SEO plugin v27.2 - https:\/\/yoast.com\/product\/yoast-seo-wordpress\/ -->\n<title>Derecho de desistimiento - IBOIX<\/title>\n<meta name=\"robots\" content=\"noindex, follow\" \/>\n<meta property=\"og:locale\" content=\"es_ES\" \/>\n<meta property=\"og:type\" content=\"article\" \/>\n<meta property=\"og:title\" content=\"Derecho de desistimiento - IBOIX\" \/>\n<meta property=\"og:url\" content=\"https:\/\/escolaiboix.com\/dret-de-desestiment\/\" \/>\n<meta property=\"og:site_name\" content=\"IBOIX\" \/>\n<meta property=\"article:modified_time\" content=\"2026-03-18T08:46:21+00:00\" \/>\n<meta name=\"twitter:card\" content=\"summary_large_image\" \/>\n<meta name=\"twitter:label1\" content=\"Tiempo de lectura\" \/>\n\t<meta name=\"twitter:data1\" content=\"2 minutos\" \/>\n<script type=\"application\/ld+json\" class=\"yoast-schema-graph\">{\"@context\":\"https:\/\/schema.org\",\"@graph\":[{\"@type\":\"WebPage\",\"@id\":\"https:\/\/escolaiboix.com\/dret-de-desestiment\/\",\"url\":\"https:\/\/escolaiboix.com\/dret-de-desestiment\/\",\"name\":\"Derecho de desistimiento - IBOIX\",\"isPartOf\":{\"@id\":\"https:\/\/escolaiboix.com\/#website\"},\"datePublished\":\"2026-02-03T09:35:04+00:00\",\"dateModified\":\"2026-03-18T08:46:21+00:00\",\"breadcrumb\":{\"@id\":\"https:\/\/escolaiboix.com\/dret-de-desestiment\/#breadcrumb\"},\"inLanguage\":\"es\",\"potentialAction\":[{\"@type\":\"ReadAction\",\"target\":[\"https:\/\/escolaiboix.com\/dret-de-desestiment\/\"]}]},{\"@type\":\"BreadcrumbList\",\"@id\":\"https:\/\/escolaiboix.com\/dret-de-desestiment\/#breadcrumb\",\"itemListElement\":[{\"@type\":\"ListItem\",\"position\":1,\"name\":\"Inici\",\"item\":\"https:\/\/escolaiboix.com\/es\/\"},{\"@type\":\"ListItem\",\"position\":2,\"name\":\"Derecho de desistimiento\"}]},{\"@type\":\"WebSite\",\"@id\":\"https:\/\/escolaiboix.com\/#website\",\"url\":\"https:\/\/escolaiboix.com\/\",\"name\":\"IBOIX\",\"description\":\"Dibuixa!\",\"potentialAction\":[{\"@type\":\"SearchAction\",\"target\":{\"@type\":\"EntryPoint\",\"urlTemplate\":\"https:\/\/escolaiboix.com\/?s={search_term_string}\"},\"query-input\":{\"@type\":\"PropertyValueSpecification\",\"valueRequired\":true,\"valueName\":\"search_term_string\"}}],\"inLanguage\":\"es\"}]}<\/script>\n<!-- \/ Yoast SEO plugin. -->","yoast_head_json":{"title":"Derecho de desistimiento - IBOIX","robots":{"index":"noindex","follow":"follow"},"og_locale":"es_ES","og_type":"article","og_title":"Derecho de desistimiento - IBOIX","og_url":"https:\/\/escolaiboix.com\/dret-de-desestiment\/","og_site_name":"IBOIX","article_modified_time":"2026-03-18T08:46:21+00:00","twitter_card":"summary_large_image","twitter_misc":{"Tiempo de lectura":"2 minutos"},"schema":{"@context":"https:\/\/schema.org","@graph":[{"@type":"WebPage","@id":"https:\/\/escolaiboix.com\/dret-de-desestiment\/","url":"https:\/\/escolaiboix.com\/dret-de-desestiment\/","name":"Derecho de desistimiento - IBOIX","isPartOf":{"@id":"https:\/\/escolaiboix.com\/#website"},"datePublished":"2026-02-03T09:35:04+00:00","dateModified":"2026-03-18T08:46:21+00:00","breadcrumb":{"@id":"https:\/\/escolaiboix.com\/dret-de-desestiment\/#breadcrumb"},"inLanguage":"es","potentialAction":[{"@type":"ReadAction","target":["https:\/\/escolaiboix.com\/dret-de-desestiment\/"]}]},{"@type":"BreadcrumbList","@id":"https:\/\/escolaiboix.com\/dret-de-desestiment\/#breadcrumb","itemListElement":[{"@type":"ListItem","position":1,"name":"Inici","item":"https:\/\/escolaiboix.com\/es\/"},{"@type":"ListItem","position":2,"name":"Derecho de desistimiento"}]},{"@type":"WebSite","@id":"https:\/\/escolaiboix.com\/#website","url":"https:\/\/escolaiboix.com\/","name":"IBOIX","description":"Dibuixa!","potentialAction":[{"@type":"SearchAction","target":{"@type":"EntryPoint","urlTemplate":"https:\/\/escolaiboix.com\/?s={search_term_string}"},"query-input":{"@type":"PropertyValueSpecification","valueRequired":true,"valueName":"search_term_string"}}],"inLanguage":"es"}]}},"_links":{"self":[{"href":"https:\/\/escolaiboix.com\/es\/wp-json\/wp\/v2\/pages\/2273","targetHints":{"allow":["GET"]}}],"collection":[{"href":"https:\/\/escolaiboix.com\/es\/wp-json\/wp\/v2\/pages"}],"about":[{"href":"https:\/\/escolaiboix.com\/es\/wp-json\/wp\/v2\/types\/page"}],"author":[{"embeddable":true,"href":"https:\/\/escolaiboix.com\/es\/wp-json\/wp\/v2\/users\/1"}],"replies":[{"embeddable":true,"href":"https:\/\/escolaiboix.com\/es\/wp-json\/wp\/v2\/comments?post=2273"}],"version-history":[{"count":2,"href":"https:\/\/escolaiboix.com\/es\/wp-json\/wp\/v2\/pages\/2273\/revisions"}],"predecessor-version":[{"id":2275,"href":"https:\/\/escolaiboix.com\/es\/wp-json\/wp\/v2\/pages\/2273\/revisions\/2275"}],"wp:attachment":[{"href":"https:\/\/escolaiboix.com\/es\/wp-json\/wp\/v2\/media?parent=2273"}],"curies":[{"name":"wp","href":"https:\/\/api.w.org\/{rel}","templated":true}]}}