{"id":2270,"date":"2026-03-06T11:15:07","date_gmt":"2026-03-06T10:15:07","guid":{"rendered":"https:\/\/escolaiboix.com\/desistimiento-de-servicio\/"},"modified":"2026-03-18T09:45:35","modified_gmt":"2026-03-18T08:45:35","slug":"desistimiento-de-servicio","status":"publish","type":"page","link":"https:\/\/escolaiboix.com\/es\/desistimiento-de-servicio\/","title":{"rendered":"Desistimiento de servicio"},"content":{"rendered":"<section class=\"l-section wpb_row us_custom_8cceadb7 height_medium width_custom\" style=\"--site-content-width:1140px;\"><div class=\"l-section-h i-cf\"><div class=\"g-cols vc_row via_grid cols_1 laptops-cols_inherit tablets-cols_inherit mobiles-cols_1 valign_top type_default stacking_default\"><div class=\"wpb_column vc_column_container\"><div class=\"vc_column-inner\"><div class=\"wpb_text_column us_custom_2dbf7b3f\"><div class=\"wpb_wrapper\"><h2>Desistimiento de servicio<\/h2>\n<\/div><\/div><div class=\"wpb_text_column\"><div class=\"wpb_wrapper\"><p data-start=\"65\" data-end=\"135\"><strong data-start=\"65\" data-end=\"133\">MODELO FORMULARIO DE DESISTIMIENTO (DESCARGABLE O FORMATO PAPEL)<\/strong><\/p>\n<p data-start=\"137\" data-end=\"405\">IBOIX ESCOLA SL podr\u00e1 facilitar al usuario a trav\u00e9s de un medio gratuito y accesible, el siguiente formulario de desistimiento con el contenido m\u00ednimo indicado. El usuario deber\u00e1 cumplimentarlo y remitirlo a la entidad de manera que pueda conservar el acuse de recibo. <\/p>\n<h3 data-section-id=\"1elmblo\" data-start=\"407\" data-end=\"438\">FORMULARIO DE DESISTIMIENTO<\/h3>\n<p data-start=\"440\" data-end=\"564\"><strong data-start=\"440\" data-end=\"459\">IBOIX ESCOLA SL<\/strong><br data-start=\"459\" data-end=\"462\">AVDA. FRANCESC MACI\u00c0, 65-67 BAJOS, 08402 GRANOLLERS (BARCELONA)<br data-start=\"526\" data-end=\"529\">936254439 <br data-start=\"538\" data-end=\"541\"><a class=\"decorated-link cursor-pointer\" rel=\"noopener\" data-start=\"541\" data-end=\"562\">admin@escolaiboix.com<span aria-hidden=\"true\" class=\"ms-0.5 inline-block align-middle leading-none\"><\/span><\/a><\/p>\n<p data-start=\"566\" data-end=\"657\">Por el presente comunico que desisto del contrato de venta del siguiente producto\/servicio. <a href=\"https:\/\/escolaiboix.com\/wp-content\/uploads\/2026\/03\/Formulari_desestiment_servei_iboix.pdf\" target=\"_blank\" rel=\"noopener\">Formulario de Desistimiento<\/a><\/p>\n<hr data-start=\"834\" data-end=\"837\">\n<p data-start=\"839\" data-end=\"1842\">De conformidad con lo establecido en la normativa vigente y aplicable de protecci\u00f3n de datos de car\u00e1cter personal, le informamos que los datos obtenidos de este formulario ser\u00e1n incorporados al sistema de tratamiento titularidad de IBOIX ESCOLA SL con NIF B66061508 y domicilio social sito en AVDA. FRANCESC MACI\u00c0, 65-67 BAJOS, 08402 GRANOLLERS (BARCELONA) con la finalidad de atender su derecho de desistimiento en virtud de lo establecido en la Ley 3\/2014, de 27 de marzo, por la que se modifica el texto refundido de la Ley General para la Defensa de los Consumidores y Usuarios y otras leyes complementarias, aprobado por el Real Decreto Legislativo 1\/2007, de 16 de noviembre. Sus datos se conservar\u00e1n durante el plazo estrictamente necesario para cumplir con los preceptos mencionados con anterioridad, salvo obligaci\u00f3n legal de conservaci\u00f3n. La base legal del tratamiento es el cumplimiento de una ley y\/o la relaci\u00f3n contractual que mantenemos con usted. <span class=\"\" data-state=\"closed\"><span class=\"relative inline-flex items-center\"><button class=\"ms-1 flex h-&#091;25px&#093; text-&#091;10px&#093; leading-&#091;13px&#093; rounded-xl corner-superellipse\/1.1 items-center justify-center gap-1 px-2 relative text-token-text-secondary! hover:text-token-text-primary! hover:bg-token-bg-secondary dark:bg-token-main-surface-secondary dark:hover:bg-token-bg-secondary bg-&#091;#f4f4f4&#093; \"><\/button><\/span><\/span><\/p>\n<p class=\"not-prose mt-0! mb-0! flex-auto truncate\"><a href=\"https:\/\/escolaiboix.com\/wp-content\/uploads\/2026\/03\/Formulari_desestiment_servei_iboix.pdf\" target=\"_blank\" rel=\"noopener\">Formulario de Desistimiento<\/a><\/p>\n<p data-start=\"1844\" data-end=\"2037\">A su vez, le informamos que puede contactar con el Delegado de Protecci\u00f3n de Datos, dirigi\u00e9ndose por escrito a la direcci\u00f3n de correo <strong data-start=\"1978\" data-end=\"2006\"><a class=\"decorated-link cursor-pointer\" rel=\"noopener\" data-start=\"1980\" data-end=\"2004\">dpd.cliente@conversia.es<span aria-hidden=\"true\" class=\"ms-0.5 inline-block align-middle leading-none\"><\/span><\/a><\/strong> o al tel\u00e9fono <strong data-start=\"2021\" data-end=\"2036\">902 877 192<\/strong>.<\/p>\n<p data-start=\"2039\" data-end=\"2433\">Podr\u00e1 ejercer los derechos de acceso, rectificaci\u00f3n, limitaci\u00f3n de tratamiento, supresi\u00f3n, portabilidad y oposici\u00f3n al tratamiento de sus datos de car\u00e1cter personal as\u00ed como del consentimiento prestado para el tratamiento de los mismos, dirigiendo su petici\u00f3n a la direcci\u00f3n <strong data-start=\"2314\" data-end=\"2382\">AVDA. FRANCESC MACI\u00c0, 65-67 BAJOS, 08402 GRANOLLERS (BARCELONA)<\/strong> o al correo electr\u00f3nico <strong data-start=\"2407\" data-end=\"2432\"><a class=\"decorated-link cursor-pointer\" rel=\"noopener\" data-start=\"2409\" data-end=\"2430\">admin@escolaiboix.com<span aria-hidden=\"true\" class=\"ms-0.5 inline-block align-middle leading-none\"><\/span><\/a><\/strong>.<\/p>\n<p data-start=\"2435\" data-end=\"2541\">Podr\u00e1 dirigirse a la Autoridad de Control competente para presentar la reclamaci\u00f3n que considere oportuna.<\/p>\n<p data-start=\"2543\" data-end=\"2989\">El env\u00edo de este formulario implica la formalizaci\u00f3n de su derecho de desistimiento y en consecuencia, la extinci\u00f3n de la obligaci\u00f3n de la ejecuci\u00f3n del contrato celebrado entre las partes. Una vez tramitada su solicitud, IBOIX ESCOLA SL le remitir\u00e1 acuse de recibo por medio del canal de comunicaci\u00f3n que usted haya indicado en el citado formulario. Le recordamos que lo deber\u00e1 conservar como prueba del ejercicio de su derecho de desistimiento.<\/p>\n<p data-start=\"2991\" data-end=\"3182\">IBOIX ESCOLA SL deber\u00e1 facilitar un correo electr\u00f3nico v\u00e1lido para ejercer el derecho de desistimiento o cualquier otra forma de comunicaci\u00f3n duradera.<\/p>\n<\/div><\/div><\/div><\/div><\/div><\/div><\/section>\n","protected":false},"excerpt":{"rendered":"Desistimiento de servicio MODELO FORMULARIO DE DESISTIMIENTO (DESCARGABLE O FORMATO PAPEL) IBOIX ESCOLA SL podr\u00e1 facilitar al usuario a trav\u00e9s de un medio gratuito y accesible, el siguiente formulario de desistimiento con el contenido m\u00ednimo indicado. El usuario deber\u00e1 cumplimentarlo y remitirlo a la entidad de manera que pueda conservar el acuse de recibo. FORMULARIO...","protected":false},"author":1,"featured_media":0,"parent":0,"menu_order":0,"comment_status":"closed","ping_status":"closed","template":"","meta":{"footnotes":"","_links_to":"","_links_to_target":""},"class_list":["post-2270","page","type-page","status-publish","hentry"],"yoast_head":"<!-- This site is optimized with the Yoast SEO plugin v27.2 - https:\/\/yoast.com\/product\/yoast-seo-wordpress\/ -->\n<title>Desistimiento de servicio - IBOIX<\/title>\n<meta name=\"robots\" content=\"noindex, follow\" \/>\n<meta property=\"og:locale\" content=\"es_ES\" \/>\n<meta property=\"og:type\" content=\"article\" \/>\n<meta property=\"og:title\" content=\"Desistimiento de servicio - IBOIX\" \/>\n<meta property=\"og:url\" content=\"https:\/\/escolaiboix.com\/desestiment-de-servei\/\" \/>\n<meta property=\"og:site_name\" content=\"IBOIX\" \/>\n<meta property=\"article:modified_time\" content=\"2026-03-18T08:45:35+00:00\" \/>\n<meta name=\"twitter:card\" content=\"summary_large_image\" \/>\n<meta name=\"twitter:label1\" content=\"Tiempo de lectura\" \/>\n\t<meta name=\"twitter:data1\" content=\"3 minutos\" \/>\n<script type=\"application\/ld+json\" class=\"yoast-schema-graph\">{\"@context\":\"https:\/\/schema.org\",\"@graph\":[{\"@type\":\"WebPage\",\"@id\":\"https:\/\/escolaiboix.com\/desestiment-de-servei\/\",\"url\":\"https:\/\/escolaiboix.com\/desestiment-de-servei\/\",\"name\":\"Desistimiento de servicio - IBOIX\",\"isPartOf\":{\"@id\":\"https:\/\/escolaiboix.com\/#website\"},\"datePublished\":\"2026-03-06T10:15:07+00:00\",\"dateModified\":\"2026-03-18T08:45:35+00:00\",\"breadcrumb\":{\"@id\":\"https:\/\/escolaiboix.com\/desestiment-de-servei\/#breadcrumb\"},\"inLanguage\":\"es\",\"potentialAction\":[{\"@type\":\"ReadAction\",\"target\":[\"https:\/\/escolaiboix.com\/desestiment-de-servei\/\"]}]},{\"@type\":\"BreadcrumbList\",\"@id\":\"https:\/\/escolaiboix.com\/desestiment-de-servei\/#breadcrumb\",\"itemListElement\":[{\"@type\":\"ListItem\",\"position\":1,\"name\":\"Inici\",\"item\":\"https:\/\/escolaiboix.com\/es\/\"},{\"@type\":\"ListItem\",\"position\":2,\"name\":\"Desistimiento de servicio\"}]},{\"@type\":\"WebSite\",\"@id\":\"https:\/\/escolaiboix.com\/#website\",\"url\":\"https:\/\/escolaiboix.com\/\",\"name\":\"IBOIX\",\"description\":\"Dibuixa!\",\"potentialAction\":[{\"@type\":\"SearchAction\",\"target\":{\"@type\":\"EntryPoint\",\"urlTemplate\":\"https:\/\/escolaiboix.com\/?s={search_term_string}\"},\"query-input\":{\"@type\":\"PropertyValueSpecification\",\"valueRequired\":true,\"valueName\":\"search_term_string\"}}],\"inLanguage\":\"es\"}]}<\/script>\n<!-- \/ Yoast SEO plugin. -->","yoast_head_json":{"title":"Desistimiento de servicio - IBOIX","robots":{"index":"noindex","follow":"follow"},"og_locale":"es_ES","og_type":"article","og_title":"Desistimiento de servicio - IBOIX","og_url":"https:\/\/escolaiboix.com\/desestiment-de-servei\/","og_site_name":"IBOIX","article_modified_time":"2026-03-18T08:45:35+00:00","twitter_card":"summary_large_image","twitter_misc":{"Tiempo de lectura":"3 minutos"},"schema":{"@context":"https:\/\/schema.org","@graph":[{"@type":"WebPage","@id":"https:\/\/escolaiboix.com\/desestiment-de-servei\/","url":"https:\/\/escolaiboix.com\/desestiment-de-servei\/","name":"Desistimiento de servicio - IBOIX","isPartOf":{"@id":"https:\/\/escolaiboix.com\/#website"},"datePublished":"2026-03-06T10:15:07+00:00","dateModified":"2026-03-18T08:45:35+00:00","breadcrumb":{"@id":"https:\/\/escolaiboix.com\/desestiment-de-servei\/#breadcrumb"},"inLanguage":"es","potentialAction":[{"@type":"ReadAction","target":["https:\/\/escolaiboix.com\/desestiment-de-servei\/"]}]},{"@type":"BreadcrumbList","@id":"https:\/\/escolaiboix.com\/desestiment-de-servei\/#breadcrumb","itemListElement":[{"@type":"ListItem","position":1,"name":"Inici","item":"https:\/\/escolaiboix.com\/es\/"},{"@type":"ListItem","position":2,"name":"Desistimiento de servicio"}]},{"@type":"WebSite","@id":"https:\/\/escolaiboix.com\/#website","url":"https:\/\/escolaiboix.com\/","name":"IBOIX","description":"Dibuixa!","potentialAction":[{"@type":"SearchAction","target":{"@type":"EntryPoint","urlTemplate":"https:\/\/escolaiboix.com\/?s={search_term_string}"},"query-input":{"@type":"PropertyValueSpecification","valueRequired":true,"valueName":"search_term_string"}}],"inLanguage":"es"}]}},"_links":{"self":[{"href":"https:\/\/escolaiboix.com\/es\/wp-json\/wp\/v2\/pages\/2270","targetHints":{"allow":["GET"]}}],"collection":[{"href":"https:\/\/escolaiboix.com\/es\/wp-json\/wp\/v2\/pages"}],"about":[{"href":"https:\/\/escolaiboix.com\/es\/wp-json\/wp\/v2\/types\/page"}],"author":[{"embeddable":true,"href":"https:\/\/escolaiboix.com\/es\/wp-json\/wp\/v2\/users\/1"}],"replies":[{"embeddable":true,"href":"https:\/\/escolaiboix.com\/es\/wp-json\/wp\/v2\/comments?post=2270"}],"version-history":[{"count":2,"href":"https:\/\/escolaiboix.com\/es\/wp-json\/wp\/v2\/pages\/2270\/revisions"}],"predecessor-version":[{"id":2272,"href":"https:\/\/escolaiboix.com\/es\/wp-json\/wp\/v2\/pages\/2270\/revisions\/2272"}],"wp:attachment":[{"href":"https:\/\/escolaiboix.com\/es\/wp-json\/wp\/v2\/media?parent=2270"}],"curies":[{"name":"wp","href":"https:\/\/api.w.org\/{rel}","templated":true}]}}