{"id":2262,"date":"2026-02-03T10:35:19","date_gmt":"2026-02-03T09:35:19","guid":{"rendered":"https:\/\/escolaiboix.com\/condicions-de-contractacio\/"},"modified":"2026-03-18T09:39:56","modified_gmt":"2026-03-18T08:39:56","slug":"condicions-de-contractacio","status":"publish","type":"page","link":"https:\/\/escolaiboix.com\/es\/condicions-de-contractacio\/","title":{"rendered":"Condicions de contractaci\u00f3"},"content":{"rendered":"<section class=\"l-section wpb_row us_custom_8cceadb7 height_medium width_custom\" style=\"--site-content-width:1140px;\"><div class=\"l-section-h i-cf\"><div class=\"g-cols vc_row via_grid cols_1 laptops-cols_inherit tablets-cols_inherit mobiles-cols_1 valign_top type_default stacking_default\"><div class=\"wpb_column vc_column_container\"><div class=\"vc_column-inner\"><div class=\"wpb_text_column us_custom_2dbf7b3f\"><div class=\"wpb_wrapper\"><h2>Condiciones de contrataci\u00f3n<\/h2>\n<\/div><\/div><div class=\"wpb_text_column\"><div class=\"wpb_wrapper\"><p><strong>Informaci\u00f3n previa al proceso contractual<\/strong><\/p>\n<p>La presente p\u00e1gina web http:\/\/escolaiboix.com\/ es propiedad de IBOIX ESCOLA SL con NIF B66061508 y direcci\u00f3n fiscal en AVDA. FRANCESC MACI\u00c0, 65-67 BAJOS, 08402 GRANOLLERS (BARCELONA).<\/p>\n<p>Las Condiciones Generales de Contrataci\u00f3n regulan la relaci\u00f3n de venta a distancia entre IBOIX ESCOLA SL y el usuario o cliente, de acuerdo con las estipulaciones legales, en especial, la Ley 7\/1998, de 13 de abril, sobre Condiciones Generales de Contrataci\u00f3n, la Ley 3\/2014, de 27 de marzo por la que se modifica el texto refundido de la Ley General para la Defensa de los Consumidores y Usuarios, Ley Org\u00e1nica 3\/2018, de 5 de diciembre, de Protecci\u00f3n de Datos Personales y garant\u00eda de los derechos digitales, Reglamento General de Protecci\u00f3n de Datos (UE) 2016\/679, la Ley 7\/1996, de 15 de enero de Ordenaci\u00f3n del Comercio Minorista, y la Ley 34\/2002 de 11 de julio, de Servicios de la Sociedad de la Informaci\u00f3n y de Comercio Electr\u00f3nico.<\/p>\n<p>IBOIX ESCOLA SL se reserva el derecho a realizar las modificaciones que considere oportunas, sin aviso previo, en las Condiciones Generales. Dichas modificaciones podr\u00e1n realizarse, a trav\u00e9s de sus websites, por cualquier forma admisible en derecho y ser\u00e1n de obligado cumplimiento durante el tiempo en que se encuentren publicadas en la web y hasta que no sean modificadas v\u00e1lidamente por otras posteriores. No obstante, IBOIX ESCOLA SL se reserva el derecho de aplicar, en determinados casos, unas Condiciones Particulares de Contrataci\u00f3n con preferencia a las presentes Condiciones Generales cuando lo considere oportuno, anunci\u00e1ndolas en tiempo y forma oportunos. Los cambios a los que se refiere este apartado no afectar\u00e1n a las contrataciones realizadas con fecha anterior a la fecha de publicaci\u00f3n de los mismos.   <\/p>\n<p><strong>El objeto de la p\u00e1gina web es la contrataci\u00f3n de cursos online.<\/strong><\/p>\n<p>La duraci\u00f3n del contrato quedar\u00e1 vinculada a la finalizaci\u00f3n del servicio contratado.<\/p>\n<p>Como usuario o cliente declara expresamente conocer, entender y aceptar las condiciones de uso y estas condiciones generales de contrataci\u00f3n. Del mismo modo, declara ser mayor de edad, o menor emancipado, y tener la capacidad jur\u00eddica y de obrar necesarias para el acceso a los sitios web de IBOIX ESCOLA SL y la contrataci\u00f3n por medio de los mismos. <\/p>\n<p>La Comisi\u00f3n Europea facilita una plataforma de resoluci\u00f3n de litigios en l\u00ednea que se encuentra disponible en el siguiente enlace: http:\/\/ec.europa.eu\/consumers\/odr\/<\/p>\n<p>Para adquirir nuestros servicios, usted puede dirigirse al apartado correspondiente de nuestra tienda online.<\/p>\n<p>Podr\u00e1 registrarse como usuario de la web para realizar la compra online en el apartado correspondiente en la propia web. De conformidad con la normativa aplicable y vigente en materia de protecci\u00f3n de datos, IBOIX ESCOLA SL informa a los usuarios que los datos personales recabados durante el proceso de registro y posterior compra, ser\u00e1n incorporados al sistema de tratamiento titularidad de IBOIX ESCOLA SL, con la finalidad de tramitar dichas acciones por parte del usuario y gestionar actuaciones posteriores derivadas de las mismas. <\/p>\n<p>De acuerdo con los derechos que le confiere la normativa vigente en protecci\u00f3n de datos podr\u00e1 ejercer los derechos de acceso, rectificaci\u00f3n, limitaci\u00f3n de tratamiento, supresi\u00f3n, portabilidad y oposici\u00f3n al tratamiento de sus datos de car\u00e1cter personal as\u00ed como del consentimiento prestado para el tratamiento de los mismos, dirigiendo su petici\u00f3n a la direcci\u00f3n mencionada m\u00e1s arriba o al correo electr\u00f3nico admin@escolaiboix.com. Podr\u00e1 dirigirse a la Autoridad de Control competente para presentar la reclamaci\u00f3n que considere oportuna. <\/p>\n<p>A su vez, le informamos que puede contactar con el Delegado de Protecci\u00f3n de Datos, dirigi\u00e9ndose por escrito a la direcci\u00f3n de correo <a href=\"mailto:dpd.cliente@conversia.es\" target=\"_blank\" rel=\"noopener\">dpd.cliente@conversia.es<\/a> o al tel\u00e9fono 902 877 192.<\/p>\n<p>Finalizado el proceso de compra el cliente recibir\u00e1 una confirmaci\u00f3n del mismo por correo electr\u00f3nico. Es imprescindible que durante el proceso de compra el usuario indique un correo electr\u00f3nico v\u00e1lido. Previamente a la prestaci\u00f3n del servicio el cliente recibir\u00e1 un correo electr\u00f3nico con la confirmaci\u00f3n del servicio solicitado.  <\/p>\n<p>Si en 24 horas desde la finalizaci\u00f3n del servicio no recibe la confirmaci\u00f3n, p\u00f3ngase en contacto con IBOIX ESCOLA SL en el tel\u00e9fono de atenci\u00f3n al cliente 936254439 o mediante el correo electr\u00f3nico <a href=\"mailto:admin@escolaiboix.com\">admin@escolaiboix.com<\/a>.<\/p>\n<p>Todos los contenidos de la web est\u00e1n en espa\u00f1ol.<\/p>\n<p>Una vez prestado el servicio el cliente recibir\u00e1 la correspondiente factura.<\/p>\n<p>Caracter\u00edsticas, oferta y vigencia de los servicios<\/p>\n<p>Las cualidades de los servicios ofertados en nuestra tienda online se detallan en el apartado relativo a las caracter\u00edsticas esenciales de los mismos.<\/p>\n<p>En caso de un servicio en oferta, siempre se indicar\u00e1 junto a sus caracter\u00edsticas esenciales, el precio de oferta y la validez de la misma.<\/p>\n<p>En cumplimiento de la normativa vigente IBOIX ESCOLA SL ofrece informaci\u00f3n sobre todos sus servicios, sus caracter\u00edsticas y precios. No obstante, IBOIX ESCOLA SL se reserva el derecho a retirar, reponer o cambiar los servicios que se ofrecen a trav\u00e9s de su p\u00e1gina web, mediante el simple cambio en el contenido de la misma. De esta forma, los servicios ofrecidos en cada momento por la web se regir\u00e1n por las Condiciones Generales de Contrataci\u00f3n vigentes en cada caso. Asimismo, la empresa tendr\u00e1 la facultad de dejar de ofrecer, sin previo aviso y en cualquier momento, el acceso a los servicios mencionados.   <\/p>\n<p>Durante la prestaci\u00f3n del servicio existe la posibilidad de rescindir debidamente justificado por:<\/p>\n<ul>\n<li>Crisis sanitaria<\/li>\n<li>Enfermedad. Garant\u00edas. Todos los servicios ofrecidos en la p\u00e1gina web gozan de la garant\u00eda correspondiente al tipo de servicio, y al tiempo y forma de prestaci\u00f3n de servicios que haya solicitado. IBOIX ESCOLA SL dispone de un servicio de atenci\u00f3n al cliente, mediante el tel\u00e9fono 936254439 o mediante el correo electr\u00f3nico admin@escolaiboix.com donde podr\u00e1 dirigir la reclamaci\u00f3n correspondiente en caso de disconformidad.<\/li>\n<\/ul>\n<p><strong>Precios<\/strong><\/p>\n<p>Todos los servicios indican el precio de venta en Euros y no incluyen el Impuesto sobre el Valor A\u00f1adido (IVA), no obstante, se permitir\u00e1 al usuario visualizar el precio final completo antes de la contrataci\u00f3n del servicio.<\/p>\n<p>Si fuera aplicable cualquier otro impuesto, as\u00ed se indicar\u00eda (IGIC o IPSI).<\/p>\n<p><strong>Gastos y prestaci\u00f3n de los servicios<\/strong><\/p>\n<p>IBOIX ESCOLA SL solo realiza los servicios en:<\/p>\n<p>Pen\u00ednsula<\/p>\n<p>Formas de pago<\/p>\n<p>El cliente podr\u00e1 abonar el importe de su servicio optando por cualquiera de las siguientes formas. Durante el proceso de compra deber\u00e1 indicar su elecci\u00f3n: <\/p>\n<p>\u2022 Tarjeta de cr\u00e9dito VISA o MASTERCARD<\/p>\n<p>Todas las operaciones que implican la transmisi\u00f3n de datos personales o bancarios se realizan utilizando un entorno seguro, un servidor basado en la tecnolog\u00eda de seguridad est\u00e1ndar SSL (Secure Sockets Layer). Toda la informaci\u00f3n que nos transmita viaja cifrada a trav\u00e9s de la red. <\/p>\n<p>Asimismo los datos sobre su tarjeta de cr\u00e9dito son introducidos directamente en la p\u00e1gina del banco, en el TPV (Terminal Punto de Venta del Banco) y no son introducidos ni registrados en ning\u00fan servidor de IBOIX ESCOLA SL.<\/p>\n<p>Al pagar con tarjeta VISA o MASTERCARD se le solicitar\u00e1n siempre los siguientes datos: el n\u00famero de tarjeta, la fecha de caducidad, y un C\u00f3digo de Validaci\u00f3n que coincide con las tres \u00faltimas cifras del n\u00famero impreso en cursiva en el reverso de su tarjeta VISA o MASTERCARD, ofreciendo, de esta forma, m\u00e1s garant\u00edas acerca de la seguridad de la transacci\u00f3n.<\/p>\n<p>Esta forma de pago es v\u00e1lida \u00fanicamente en la web.<\/p>\n<p>Cuando el importe de una compra hubiese sido cargado fraudulenta o indebidamente utilizando el n\u00famero de una tarjeta de pago, su titular podr\u00e1 exigir la inmediata anulaci\u00f3n del cargo. En tal caso, las correspondientes anotaciones de adeudo y reabono en las cuentas del proveedor y del titular se efectuar\u00e1n a la mayor brevedad. <\/p>\n<p>Sin embargo, si la compra hubiese sido efectivamente realizada por el titular de la tarjeta y la exigencia de devoluci\u00f3n no fuera consecuencia de haberse ejercido el derecho de desistimiento o de resoluci\u00f3n y, por tanto, hubiese exigido indebidamente la anulaci\u00f3n del correspondiente cargo, aquel quedar\u00e1 obligado frente a IBOIX ESCOLA SL al resarcimiento de los da\u00f1os y perjuicios ocasionados como consecuencia de dicha anulaci\u00f3n.<\/p>\n<p>\u2022 Transferencia Bancaria<br \/>\nAl seleccionar la transferencia bancaria recibir\u00e1, junto con la confirmaci\u00f3n de su pedido, un e-mail con los datos<\/p>\n<p>bancarios de IBOIX ESCOLA SL.<\/p>\n<p>Es muy importante que al realizar la transferencia indique en el asunto el n\u00famero de pedido, as\u00ed como su nombre y apellidos, y realice la transferencia dentro de los 3 d\u00edas posteriores a la fecha de confirmaci\u00f3n del pedido para poder validarlo.<\/p>\n<p>Si lo desea, puede enviarnos el justificante de la transferencia por e-mail <a href=\"mailto:admin@escolaiboix.com\">admin@escolaiboix.com<\/a>. Pero, en cualquier caso, no se considerar\u00e1 efectivo el pedido hasta que nuestro departamento de administraci\u00f3n no tenga confirmaci\u00f3n bancaria de la transferencia. <\/p>\n<p>Recordarle que el pago se tiene que realizar en EUROS y que todas las eventuales comisiones de cambio y bancarias corren por su cuenta.<\/p>\n<p>En el caso de transferencias bancarias realizadas desde fuera de Espa\u00f1a, es muy importante que al ordenar la transferencia comunique siempre a su banco hacerse cargo de las comisiones en origen, aquellas comisiones bancarias y gastos correspondientes a su entidad. De no ser as\u00ed, IBOIX ESCOLA SL podr\u00eda paralizar el env\u00edo de su pedido al no recibir la cantidad \u00edntegra del mismo. <\/p>\n<p>Las posibles comisiones de cambio y bancarias corren a cargo del cliente. M\u00e1s informaci\u00f3n en PayPal: <a href=\"http:\/\/www.paypal.com\" target=\"_blank\" rel=\"noopener\">http:\/\/www.paypal.com<\/a>.\/ <\/p>\n<p>\u2022 Bizum<br \/>\nEs un servicio r\u00e1pido y sencillo donde puede enviar y recibir dinero a trav\u00e9s de la app de su entidad bancaria. El <\/p>\n<p>dinero llega a nuestra cuenta de manera inmediata y de forma segura. M\u00e1s informaci\u00f3n en Bizum: https:\/\/bizum.es\/politica-de-privacidad\/ Ejecuci\u00f3n del servicio<br \/>\nIBOIX ESCOLA SL dispone de dos tipos: <\/p>\n<ul>\n<li>Presencial: los cursos presenciales se cursan desde septiembre hasta junio.<\/li>\n<li>Online: los cursos son 100% online y el inicio del curso se podr\u00e1 visualizar en la propia p\u00e1gina web. La disponibilidad de servicios ofrecidos por IBOIX ESCOLA SL puede variar en funci\u00f3n del servicio. En caso de no poder prestar el servicio o tener que prestarlo en un plazo superior al acordado IBOIX ESCOLA SL en el momento que tenga conocimiento de esta situaci\u00f3n lo notificar\u00e1 al cliente, por medio de un correo electr\u00f3nico o por el medio de contacto facilitado por este. El periodo de esta comunicaci\u00f3n no superar\u00e1 en ning\u00fan caso el plazo estipulado para la ejecuci\u00f3n del servicio. En estos casos, IBOIX ESCOLA SL podr\u00e1 dar al cliente dos opciones de soluci\u00f3n posible: 1) Ofrecer al cliente sin aumento de precio, un servicio de caracter\u00edsticas similares o de superior calidad.   <\/li>\n<\/ul>\n<p><strong>Derecho de desistimiento<\/strong><\/p>\n<p>Para los cursos presenciales y seg\u00fan lo establecido en el art\u00edculo 104a del Real Decreto 1\/2007 indica: El d\u00eda de la celebraci\u00f3n del contrato, en el caso de los contratos de servicios.<\/p>\n<p>Dicho lo anterior, el cliente dispondr\u00e1 de un plazo de catorce d\u00edas naturales para desistir, a partir del d\u00eda de la celebraci\u00f3n del contrato, sin penalizaci\u00f3n alguna y sin indicaci\u00f3n de los motivos.<\/p>\n<p>Se informa al usuario que solo ser\u00e1 responsable de la disminuci\u00f3n de valor de los bienes resultante de una manipulaci\u00f3n de los mismos distinta a la necesaria para establecer su naturaleza, sus caracter\u00edsticas o su funcionamiento.<\/p>\n<p>El ejercicio del derecho de desistimiento deber\u00e1 realizarse mediante notificaci\u00f3n a trav\u00e9s comunicaci\u00f3n telef\u00f3nica a 936254439, dirigi\u00e9ndose al correo electr\u00f3nico <a href=\"mailto:admin@escolaiboix.com\">admin@escolaiboix.com<\/a>, remitiendo su escrito a nuestra direcci\u00f3n postal AVDA. FRANCESC MACI\u00c0, 65-67 BAJOS, 08402 GRANOLLERS (BARCELONA), o bien a trav\u00e9s del formulario de desistimiento. <\/p>\n<p>Para los cursos online y seg\u00fan lo establecido el art\u00edculo 103 de la Ley 3\/2014, de 27 de marzo por la que se modifica el texto refundido de la Ley General para la Defensa de los Consumidores y Usuarios, los suministros de servicios o bienes confeccionados conforme a las especificaciones del consumidor o claramente personalizados, o que, por su naturaleza, no puedan ser devueltos o puedan deteriorarse o caducar con rapidez, est\u00e1n exentos de desistimiento.<\/p>\n<p>En concreto se ampara en la siguiente excepci\u00f3n:<\/p>\n<p>La prestaci\u00f3n de servicios, una vez que el servicio haya sido completamente ejecutado, cuando la ejecuci\u00f3n haya comenzado.<\/p>\n<p>Si el cliente solicita que la prestaci\u00f3n del servicio d\u00e9 comienzo durante el periodo de desistimiento, este quedar\u00e1 obligado al abono del importe proporcional a la parte prestada del servicio en el momento en que haya comunicado su desistimiento, en relaci\u00f3n al objeto del contrato.<\/p>\n<p><strong>Cancelaci\u00f3n<\/strong><\/p>\n<p>IBOIX ESCOLA SL informa que en ning\u00fan caso se devolver\u00e1 ninguna cantidad abonada en concepto de cancelaci\u00f3n.<\/p>\n<p>Reembolso del pago<\/p>\n<p>El reembolso de las cantidades abonadas por el cliente se realizar\u00e1 utilizando los mismos medios de pago empleados por este, siempre y cuando no se haya dispuesto lo contrario.<\/p>\n<p>IBOIX ESCOLA SL abonar\u00e1 las cantidades satisfechas por el cliente antes de 14 d\u00edas naturales desde la fecha de recepci\u00f3n del derecho de desistimiento.<\/p>\n<p><strong>Reclamaci\u00f3n<\/strong><\/p>\n<p>Si el usuario desea presentar una reclamaci\u00f3n, deber\u00e1 contactar mediante el correo electr\u00f3nico <a href=\"mailto:admin@escolaiboix.com\">admin@escolaiboix.com<\/a>. Asimismo, IBOIX ESCOLA SL dispone de hojas oficiales de reclamaci\u00f3n a disposici\u00f3n de los consumidores y usuarios. <\/p>\n<p>Resoluci\u00f3n de litigios en l\u00ednea conforme al Art. 14.1 del Reglamento (UE) 524\/2013: La Comisi\u00f3n Europea facilita una plataforma de resoluci\u00f3n de litigios en l\u00ednea, la cual se encuentra disponible en el siguiente enlace: https:\/\/ec.europa.eu\/consumers\/odr\/<\/p>\n<p><strong>Jurisdicci\u00f3n<\/strong><\/p>\n<p>Asimismo, IBOIX ESCOLA SL se reserva la facultad de presentar las acciones civiles o penales que considere oportunas por la utilizaci\u00f3n indebida de su sitio web y contenidos o por el incumplimiento de las presentes condiciones.<\/p>\n<p>La relaci\u00f3n entre el usuario y el prestador se regir\u00e1 por la normativa vigente y de aplicaci\u00f3n en el territorio espa\u00f1ol. De surgir cualquier controversia las partes podr\u00e1n someter sus conflictos a arbitraje o acudir a la jurisdicci\u00f3n ordinaria cumpliendo con las normas sobre jurisdicci\u00f3n y competencia al respecto. IBOIX ESCOLA SL tiene su domicilio en BARCELONA, Espa\u00f1a.  <\/p>\n<p><strong>\u00daLTIMA ACTUALIZACI\u00d3N: 8 de febrero de 2024<\/strong><\/p>\n<\/div><\/div><\/div><\/div><\/div><\/div><\/section>\n","protected":false},"excerpt":{"rendered":"Condiciones de contrataci\u00f3n Informaci\u00f3n previa al proceso contractual La presente p\u00e1gina web http:\/\/escolaiboix.com\/ es propiedad de IBOIX ESCOLA SL con NIF B66061508 y direcci\u00f3n fiscal en AVDA. FRANCESC MACI\u00c0, 65-67 BAJOS, 08402 GRANOLLERS (BARCELONA). Las Condiciones Generales de Contrataci\u00f3n regulan la relaci\u00f3n de venta a distancia entre IBOIX ESCOLA SL y el usuario o cliente,...","protected":false},"author":1,"featured_media":0,"parent":0,"menu_order":0,"comment_status":"closed","ping_status":"closed","template":"","meta":{"footnotes":"","_links_to":"","_links_to_target":""},"class_list":["post-2262","page","type-page","status-publish","hentry"],"yoast_head":"<!-- This site is optimized with the Yoast SEO plugin v27.2 - https:\/\/yoast.com\/product\/yoast-seo-wordpress\/ -->\n<title>Condicions de contractaci\u00f3 - IBOIX<\/title>\n<meta name=\"robots\" content=\"noindex, follow\" \/>\n<meta property=\"og:locale\" content=\"es_ES\" \/>\n<meta property=\"og:type\" content=\"article\" \/>\n<meta property=\"og:title\" content=\"Condicions de contractaci\u00f3 - IBOIX\" \/>\n<meta property=\"og:url\" content=\"https:\/\/escolaiboix.com\/condicions-de-contractacio\/\" \/>\n<meta property=\"og:site_name\" content=\"IBOIX\" \/>\n<meta property=\"article:modified_time\" content=\"2026-03-18T08:39:56+00:00\" \/>\n<meta name=\"twitter:card\" content=\"summary_large_image\" \/>\n<meta name=\"twitter:label1\" content=\"Tiempo de lectura\" \/>\n\t<meta name=\"twitter:data1\" content=\"12 minutos\" \/>\n<script type=\"application\/ld+json\" class=\"yoast-schema-graph\">{\"@context\":\"https:\/\/schema.org\",\"@graph\":[{\"@type\":\"WebPage\",\"@id\":\"https:\/\/escolaiboix.com\/condicions-de-contractacio\/\",\"url\":\"https:\/\/escolaiboix.com\/condicions-de-contractacio\/\",\"name\":\"Condicions de contractaci\u00f3 - IBOIX\",\"isPartOf\":{\"@id\":\"https:\/\/escolaiboix.com\/#website\"},\"datePublished\":\"2026-02-03T09:35:19+00:00\",\"dateModified\":\"2026-03-18T08:39:56+00:00\",\"breadcrumb\":{\"@id\":\"https:\/\/escolaiboix.com\/condicions-de-contractacio\/#breadcrumb\"},\"inLanguage\":\"es\",\"potentialAction\":[{\"@type\":\"ReadAction\",\"target\":[\"https:\/\/escolaiboix.com\/condicions-de-contractacio\/\"]}]},{\"@type\":\"BreadcrumbList\",\"@id\":\"https:\/\/escolaiboix.com\/condicions-de-contractacio\/#breadcrumb\",\"itemListElement\":[{\"@type\":\"ListItem\",\"position\":1,\"name\":\"Inici\",\"item\":\"https:\/\/escolaiboix.com\/es\/\"},{\"@type\":\"ListItem\",\"position\":2,\"name\":\"Condicions de contractaci\u00f3\"}]},{\"@type\":\"WebSite\",\"@id\":\"https:\/\/escolaiboix.com\/#website\",\"url\":\"https:\/\/escolaiboix.com\/\",\"name\":\"IBOIX\",\"description\":\"Dibuixa!\",\"potentialAction\":[{\"@type\":\"SearchAction\",\"target\":{\"@type\":\"EntryPoint\",\"urlTemplate\":\"https:\/\/escolaiboix.com\/?s={search_term_string}\"},\"query-input\":{\"@type\":\"PropertyValueSpecification\",\"valueRequired\":true,\"valueName\":\"search_term_string\"}}],\"inLanguage\":\"es\"}]}<\/script>\n<!-- \/ Yoast SEO plugin. -->","yoast_head_json":{"title":"Condicions de contractaci\u00f3 - IBOIX","robots":{"index":"noindex","follow":"follow"},"og_locale":"es_ES","og_type":"article","og_title":"Condicions de contractaci\u00f3 - IBOIX","og_url":"https:\/\/escolaiboix.com\/condicions-de-contractacio\/","og_site_name":"IBOIX","article_modified_time":"2026-03-18T08:39:56+00:00","twitter_card":"summary_large_image","twitter_misc":{"Tiempo de lectura":"12 minutos"},"schema":{"@context":"https:\/\/schema.org","@graph":[{"@type":"WebPage","@id":"https:\/\/escolaiboix.com\/condicions-de-contractacio\/","url":"https:\/\/escolaiboix.com\/condicions-de-contractacio\/","name":"Condicions de contractaci\u00f3 - IBOIX","isPartOf":{"@id":"https:\/\/escolaiboix.com\/#website"},"datePublished":"2026-02-03T09:35:19+00:00","dateModified":"2026-03-18T08:39:56+00:00","breadcrumb":{"@id":"https:\/\/escolaiboix.com\/condicions-de-contractacio\/#breadcrumb"},"inLanguage":"es","potentialAction":[{"@type":"ReadAction","target":["https:\/\/escolaiboix.com\/condicions-de-contractacio\/"]}]},{"@type":"BreadcrumbList","@id":"https:\/\/escolaiboix.com\/condicions-de-contractacio\/#breadcrumb","itemListElement":[{"@type":"ListItem","position":1,"name":"Inici","item":"https:\/\/escolaiboix.com\/es\/"},{"@type":"ListItem","position":2,"name":"Condicions de contractaci\u00f3"}]},{"@type":"WebSite","@id":"https:\/\/escolaiboix.com\/#website","url":"https:\/\/escolaiboix.com\/","name":"IBOIX","description":"Dibuixa!","potentialAction":[{"@type":"SearchAction","target":{"@type":"EntryPoint","urlTemplate":"https:\/\/escolaiboix.com\/?s={search_term_string}"},"query-input":{"@type":"PropertyValueSpecification","valueRequired":true,"valueName":"search_term_string"}}],"inLanguage":"es"}]}},"_links":{"self":[{"href":"https:\/\/escolaiboix.com\/es\/wp-json\/wp\/v2\/pages\/2262","targetHints":{"allow":["GET"]}}],"collection":[{"href":"https:\/\/escolaiboix.com\/es\/wp-json\/wp\/v2\/pages"}],"about":[{"href":"https:\/\/escolaiboix.com\/es\/wp-json\/wp\/v2\/types\/page"}],"author":[{"embeddable":true,"href":"https:\/\/escolaiboix.com\/es\/wp-json\/wp\/v2\/users\/1"}],"replies":[{"embeddable":true,"href":"https:\/\/escolaiboix.com\/es\/wp-json\/wp\/v2\/comments?post=2262"}],"version-history":[{"count":2,"href":"https:\/\/escolaiboix.com\/es\/wp-json\/wp\/v2\/pages\/2262\/revisions"}],"predecessor-version":[{"id":2264,"href":"https:\/\/escolaiboix.com\/es\/wp-json\/wp\/v2\/pages\/2262\/revisions\/2264"}],"wp:attachment":[{"href":"https:\/\/escolaiboix.com\/es\/wp-json\/wp\/v2\/media?parent=2262"}],"curies":[{"name":"wp","href":"https:\/\/api.w.org\/{rel}","templated":true}]}}